{"id":1620,"date":"2022-06-22T14:23:55","date_gmt":"2022-06-22T12:23:55","guid":{"rendered":"https:\/\/thewritingflow.com\/?page_id=1620"},"modified":"2024-06-26T09:17:23","modified_gmt":"2024-06-26T07:17:23","slug":"impressum","status":"publish","type":"page","link":"https:\/\/thewritingflow.com\/en\/impressum\/","title":{"rendered":"Imprint"},"content":{"rendered":"<div data-elementor-type=\"wp-page\" data-elementor-id=\"1620\" class=\"elementor elementor-1620\" data-elementor-post-type=\"page\">\n\t\t\t\t\t\t<section class=\"elementor-section elementor-top-section elementor-element elementor-element-9fb29eb elementor-section-boxed elementor-section-height-default elementor-section-height-default\" data-id=\"9fb29eb\" data-element_type=\"section\" data-settings=\"{&quot;background_background&quot;:&quot;classic&quot;,&quot;shape_divider_top&quot;:&quot;waves&quot;,&quot;shape_divider_bottom&quot;:&quot;waves&quot;}\">\n\t\t\t\t\t\t\t<div class=\"elementor-background-overlay\"><\/div>\n\t\t\t\t\t\t<div class=\"elementor-shape elementor-shape-top\" data-negative=\"false\">\n\t\t\t<svg xmlns=\"http:\/\/www.w3.org\/2000\/svg\" viewbox=\"0 0 1000 100\" preserveaspectratio=\"none\">\n\t<path class=\"elementor-shape-fill\" d=\"M421.9,6.5c22.6-2.5,51.5,0.4,75.5,5.3c23.6,4.9,70.9,23.5,100.5,35.7c75.8,32.2,133.7,44.5,192.6,49.7\tc23.6,2.1,48.7,3.5,103.4-2.5c54.7-6,106.2-25.6,106.2-25.6V0H0v30.3c0,0,72,32.6,158.4,30.5c39.2-0.7,92.8-6.7,134-22.4\tc21.2-8.1,52.2-18.2,79.7-24.2C399.3,7.9,411.6,7.5,421.9,6.5z\"\/>\n<\/svg>\t\t<\/div>\n\t\t\t\t<div class=\"elementor-shape elementor-shape-bottom\" data-negative=\"false\">\n\t\t\t<svg xmlns=\"http:\/\/www.w3.org\/2000\/svg\" viewbox=\"0 0 1000 100\" preserveaspectratio=\"none\">\n\t<path class=\"elementor-shape-fill\" d=\"M421.9,6.5c22.6-2.5,51.5,0.4,75.5,5.3c23.6,4.9,70.9,23.5,100.5,35.7c75.8,32.2,133.7,44.5,192.6,49.7\tc23.6,2.1,48.7,3.5,103.4-2.5c54.7-6,106.2-25.6,106.2-25.6V0H0v30.3c0,0,72,32.6,158.4,30.5c39.2-0.7,92.8-6.7,134-22.4\tc21.2-8.1,52.2-18.2,79.7-24.2C399.3,7.9,411.6,7.5,421.9,6.5z\"\/>\n<\/svg>\t\t<\/div>\n\t\t\t\t\t<div class=\"elementor-container elementor-column-gap-default\">\n\t\t\t\t\t<div class=\"elementor-column elementor-col-100 elementor-top-column elementor-element elementor-element-0f9a73e\" data-id=\"0f9a73e\" data-element_type=\"column\" data-settings=\"{&quot;background_background&quot;:&quot;classic&quot;}\">\n\t\t\t<div class=\"elementor-widget-wrap elementor-element-populated\">\n\t\t\t\t\t<div class=\"elementor-background-overlay\"><\/div>\n\t\t\t\t\t\t<div class=\"elementor-element elementor-element-fdab48d elementor-widget elementor-widget-theme-post-title elementor-page-title elementor-widget-heading\" data-id=\"fdab48d\" data-element_type=\"widget\" data-widget_type=\"theme-post-title.default\">\n\t\t\t\t<div class=\"elementor-widget-container\">\n\t\t\t<h1 class=\"elementor-heading-title elementor-size-default\">Imprint<\/h1>\t\t<\/div>\n\t\t\t\t<\/div>\n\t\t\t\t<section class=\"elementor-section elementor-inner-section elementor-element elementor-element-84d09dc elementor-section-boxed elementor-section-height-default elementor-section-height-default\" data-id=\"84d09dc\" data-element_type=\"section\" data-settings=\"{&quot;background_background&quot;:&quot;classic&quot;}\">\n\t\t\t\t\t\t<div class=\"elementor-container elementor-column-gap-default\">\n\t\t\t\t\t<div class=\"elementor-column elementor-col-50 elementor-inner-column elementor-element elementor-element-2744487\" data-id=\"2744487\" data-element_type=\"column\" data-settings=\"{&quot;background_background&quot;:&quot;classic&quot;}\">\n\t\t\t<div class=\"elementor-widget-wrap elementor-element-populated\">\n\t\t\t\t\t\t<div class=\"elementor-element elementor-element-dc396cf elementor-toc--content-ellipsis elementor-toc--minimized-on-tablet elementor-widget elementor-widget-table-of-contents\" data-id=\"dc396cf\" data-element_type=\"widget\" data-settings=\"{&quot;headings_by_tags&quot;:[&quot;h2&quot;,&quot;h3&quot;],&quot;exclude_headings_by_selector&quot;:[],&quot;marker_view&quot;:&quot;numbers&quot;,&quot;minimize_box&quot;:&quot;yes&quot;,&quot;minimized_on&quot;:&quot;tablet&quot;,&quot;hierarchical_view&quot;:&quot;yes&quot;,&quot;min_height&quot;:{&quot;unit&quot;:&quot;px&quot;,&quot;size&quot;:&quot;&quot;,&quot;sizes&quot;:[]},&quot;min_height_tablet&quot;:{&quot;unit&quot;:&quot;px&quot;,&quot;size&quot;:&quot;&quot;,&quot;sizes&quot;:[]},&quot;min_height_mobile&quot;:{&quot;unit&quot;:&quot;px&quot;,&quot;size&quot;:&quot;&quot;,&quot;sizes&quot;:[]}}\" data-widget_type=\"table-of-contents.default\">\n\t\t\t\t<div class=\"elementor-widget-container\">\n\t\t\t\t\t<div class=\"elementor-toc__header\">\n\t\t\t<h3 class=\"elementor-toc__header-title\">\n\t\t\t\tTable of Contents\t\t\t<\/h3>\n\t\t\t\t\t\t\t<div class=\"elementor-toc__toggle-button elementor-toc__toggle-button--expand\" role=\"button\" tabindex=\"0\" aria-controls=\"elementor-toc__dc396cf\" aria-expanded=\"true\" aria-label=\"Open table of contents\"><i aria-hidden=\"true\" class=\"fas fa-chevron-down\"><\/i><\/div>\n\t\t\t\t<div class=\"elementor-toc__toggle-button elementor-toc__toggle-button--collapse\" role=\"button\" tabindex=\"0\" aria-controls=\"elementor-toc__dc396cf\" aria-expanded=\"true\" aria-label=\"Close table of contents\"><i aria-hidden=\"true\" class=\"fas fa-chevron-up\"><\/i><\/div>\n\t\t\t\t\t<\/div>\n\t\t<div id=\"elementor-toc__dc396cf\" class=\"elementor-toc__body\">\n\t\t\t<div class=\"elementor-toc__spinner-container\">\n\t\t\t\t<i class=\"elementor-toc__spinner eicon-animation-spin eicon-loading\" aria-hidden=\"true\"><\/i>\t\t\t<\/div>\n\t\t<\/div>\n\t\t\t\t<\/div>\n\t\t\t\t<\/div>\n\t\t\t\t\t<\/div>\n\t\t<\/div>\n\t\t\t\t<div class=\"elementor-column elementor-col-50 elementor-inner-column elementor-element elementor-element-5e9cd94\" data-id=\"5e9cd94\" data-element_type=\"column\">\n\t\t\t<div class=\"elementor-widget-wrap elementor-element-populated\">\n\t\t\t\t\t\t<div class=\"elementor-element elementor-element-2b44b00 elementor-widget elementor-widget-heading\" data-id=\"2b44b00\" data-element_type=\"widget\" data-widget_type=\"heading.default\">\n\t\t\t\t<div class=\"elementor-widget-container\">\n\t\t\t<h2 class=\"elementor-heading-title elementor-size-default\">Imprint the Writing Flow<\/h2>\t\t<\/div>\n\t\t\t\t<\/div>\n\t\t\t\t<div class=\"elementor-element elementor-element-0ef1aac elementor-widget elementor-widget-text-editor\" data-id=\"0ef1aac\" data-element_type=\"widget\" data-widget_type=\"text-editor.default\">\n\t\t\t\t<div class=\"elementor-widget-container\">\n\t\t\t\t\t\t\t<p>Dr Stefanie Koettl-Brodmann<br \/>Roemerstr. 3\/2<br \/>4690 Schwanenstadt<br \/>\u00f6sterreich<br \/>E-Mail: <a href=\"mailto:stefanie@thewritingflow.com\">stefanie@thewritingflow.com<\/a><\/p>\t\t\t\t\t\t<\/div>\n\t\t\t\t<\/div>\n\t\t\t\t<div class=\"elementor-element elementor-element-36eefb6 elementor-widget elementor-widget-heading\" data-id=\"36eefb6\" data-element_type=\"widget\" data-widget_type=\"heading.default\">\n\t\t\t\t<div class=\"elementor-widget-container\">\n\t\t\t<h3 class=\"elementor-heading-title elementor-size-default\">Du hast Fragen oder die Anmeldung zu meinem Kurs bzw. zu meinem Workshop klappt nicht? <\/h3>\t\t<\/div>\n\t\t\t\t<\/div>\n\t\t\t\t<div class=\"elementor-element elementor-element-c138435 elementor-widget elementor-widget-text-editor\" data-id=\"c138435\" data-element_type=\"widget\" data-widget_type=\"text-editor.default\">\n\t\t\t\t<div class=\"elementor-widget-container\">\n\t\t\t\t\t\t\t<p>Sende mir eine Nachricht an\u00a0<a href=\"mailto:stefanie@thewritingflow.com\">stefanie@thewritingflow.com<\/a><\/p>\t\t\t\t\t\t<\/div>\n\t\t\t\t<\/div>\n\t\t\t\t<div class=\"elementor-element elementor-element-3aabdf0 elementor-widget elementor-widget-heading\" data-id=\"3aabdf0\" data-element_type=\"widget\" data-widget_type=\"heading.default\">\n\t\t\t\t<div class=\"elementor-widget-container\">\n\t\t\t<h3 class=\"elementor-heading-title elementor-size-default\">Credits<\/h3>\t\t<\/div>\n\t\t\t\t<\/div>\n\t\t\t\t<div class=\"elementor-element elementor-element-55a31dd elementor-widget elementor-widget-text-editor\" data-id=\"55a31dd\" data-element_type=\"widget\" data-widget_type=\"text-editor.default\">\n\t\t\t\t<div class=\"elementor-widget-container\">\n\t\t\t\t\t\t\t<p>Logo-Design\u00a0<a href=\"https:\/\/www.valeriemerl.at\/\">Valerie Merl<\/a>\u00a0<br \/>Webdesign\u00a0<a href=\"https:\/\/petraberger.at\/\">Petra Berger<\/a><br \/>Fotographie:<a href=\"https:\/\/www.romanamaalouf.com\">\u00a0Romana Maalouf\u00a0<\/a><br \/>Andere Bilder: ich benutze entweder selbstgemachte Fotos oder lizenzfreie Bilder<\/p>\t\t\t\t\t\t<\/div>\n\t\t\t\t<\/div>\n\t\t\t\t<div class=\"elementor-element elementor-element-79d2e91 elementor-widget elementor-widget-heading\" data-id=\"79d2e91\" data-element_type=\"widget\" data-widget_type=\"heading.default\">\n\t\t\t\t<div class=\"elementor-widget-container\">\n\t\t\t<h3 class=\"elementor-heading-title elementor-size-default\">Haftungsausschluss<\/h3>\t\t<\/div>\n\t\t\t\t<\/div>\n\t\t\t\t<div class=\"elementor-element elementor-element-3391c12 elementor-widget elementor-widget-text-editor\" data-id=\"3391c12\" data-element_type=\"widget\" data-widget_type=\"text-editor.default\">\n\t\t\t\t<div class=\"elementor-widget-container\">\n\t\t\t\t\t\t\t<p>Ich \u00fcbernehme keine Verantwortung f\u00fcr den Inhalt von externen, verlinkten Seiten. F\u00fcr deren Inhalt sind ausschlie\u00dflich deren Betreiber verantwortlich.<\/p><p>Falls Sie als Marken- bzw. Rechteinhaber durch meine Beitr\u00e4ge Ihre Rechte verletzt sehen, schicken Sie mir einfach eine kurze Email. Ich werde die entsprechenden Bilder dann l\u00f6schen bzw. austauschen.<\/p>\t\t\t\t\t\t<\/div>\n\t\t\t\t<\/div>\n\t\t\t\t<div class=\"elementor-element elementor-element-1f322a5 elementor-widget elementor-widget-heading\" data-id=\"1f322a5\" data-element_type=\"widget\" data-widget_type=\"heading.default\">\n\t\t\t\t<div class=\"elementor-widget-container\">\n\t\t\t<h3 class=\"elementor-heading-title elementor-size-default\">Contact me<\/h3>\t\t<\/div>\n\t\t\t\t<\/div>\n\t\t\t\t<div class=\"elementor-element elementor-element-160490d elementor-widget elementor-widget-text-editor\" data-id=\"160490d\" data-element_type=\"widget\" data-widget_type=\"text-editor.default\">\n\t\t\t\t<div class=\"elementor-widget-container\">\n\t\t\t\t\t\t\t<p>Bei der Kontaktaufnahme (zum Beispiel per Kontaktformular oder E-Mail) werden die Angaben des Nutzers zwecks Bearbeitung der Anfrage sowie f\u00fcr den Fall, dass Anschlussfragen entstehen, gespeichert.<\/p><p>Der Schutz von personenbezogenen Daten ist mir sehr wichtig. Ich beachte alle Vorgaben der DSGVO (GDPR) und alle personenbezogene Daten, die erhoben werden,\u00a0<u>werden in dieser Datenschutzerkl\u00e4rung beschrieben und erkl\u00e4rt.\u00a0<\/u>Durch Anklicken der entsprechenden Checkbox erkl\u00e4ren Sie Ihr Einverst\u00e4ndnis dahingehend, dass die Seite personenbezogene Daten erhebt, verarbeitet und nutzen darf.<\/p><p>Diese Einverst\u00e4ndnis kann jederzeit widerrufen werden entweder schriftlich (Stefanie K\u00f6ttl-Brodmann, Roemerstr. 3\/2, 4690 Schwanenstadt, \u00d6sterreich), oder einfach per Email an\u00a0<a href=\"mailto:stefanie@thewritingflow.com\">stefanie@thewritingflow.com<\/a>. Gerne gebe ich Ihnen auf Nachfrage eine elektronische Auskunft dar\u00fcber, welche Daten ich zu Ihrer Person gespeichert habe.<\/p>\t\t\t\t\t\t<\/div>\n\t\t\t\t<\/div>\n\t\t\t\t<div class=\"elementor-element elementor-element-1027423 elementor-widget elementor-widget-heading\" data-id=\"1027423\" data-element_type=\"widget\" data-widget_type=\"heading.default\">\n\t\t\t\t<div class=\"elementor-widget-container\">\n\t\t\t<h3 class=\"elementor-heading-title elementor-size-default\">Widerruf, \u00c4nderungen, Berichtigungen und Aktualisierungen<\/h3>\t\t<\/div>\n\t\t\t\t<\/div>\n\t\t\t\t<div class=\"elementor-element elementor-element-bf41877 elementor-widget elementor-widget-text-editor\" data-id=\"bf41877\" data-element_type=\"widget\" data-widget_type=\"text-editor.default\">\n\t\t\t\t<div class=\"elementor-widget-container\">\n\t\t\t\t\t\t\t<p>Der Nutzer hat das Recht, auf Antrag unentgeltlich Auskunft zu erhalten \u00fcber die personenbezogenen Daten, die \u00fcber ihn gespeichert wurden. Zus\u00e4tzlich hat der Nutzer das Recht auf Berichtigung unrichtiger Daten, Sperrung und L\u00f6schung seiner personenbezogenen Daten, soweit dem keine gesetzliche Aufbewahrungspflicht entgegensteht.<\/p>\t\t\t\t\t\t<\/div>\n\t\t\t\t<\/div>\n\t\t\t\t\t<\/div>\n\t\t<\/div>\n\t\t\t\t\t<\/div>\n\t\t<\/section>\n\t\t\t\t\t<\/div>\n\t\t<\/div>\n\t\t\t\t\t<\/div>\n\t\t<\/section>\n\t\t\t\t<\/div>","protected":false},"excerpt":{"rendered":"<p>Table of Contents Imprint the Writing Flow Dr Stefanie Koettl-BrodmannRoemerstr. 3\/24690 Schwanenstadt\u00f6sterreichE-Mail: stefanie@thewritingflow.com Du hast Fragen oder die Anmeldung zu meinem Kurs bzw. zu meinem Workshop klappt nicht? Sende mir eine Nachricht an\u00a0stefanie@thewritingflow.com Credits Logo-Design\u00a0Valerie Merl\u00a0Webdesign\u00a0Petra BergerFotographie:\u00a0Romana Maalouf\u00a0Andere Bilder: ich benutze entweder selbstgemachte Fotos oder lizenzfreie Bilder Haftungsausschluss Ich \u00fcbernehme keine Verantwortung f\u00fcr den Inhalt [&hellip;]<\/p>","protected":false},"author":1,"featured_media":0,"parent":0,"menu_order":0,"comment_status":"closed","ping_status":"closed","template":"elementor_header_footer","meta":{"footnotes":""},"class_list":["post-1620","page","type-page","status-publish","hentry"],"yoast_head":"<!-- This site is optimized with the Yoast SEO plugin v23.7 - https:\/\/yoast.com\/wordpress\/plugins\/seo\/ -->\n<title>Impressum - The Writing Flow<\/title>\n<meta name=\"robots\" content=\"index, follow, max-snippet:-1, max-image-preview:large, max-video-preview:-1\" \/>\n<link rel=\"canonical\" href=\"https:\/\/thewritingflow.com\/en\/impressum\/\" \/>\n<meta property=\"og:locale\" content=\"en_GB\" \/>\n<meta property=\"og:type\" content=\"article\" \/>\n<meta property=\"og:title\" content=\"Impressum - The Writing Flow\" \/>\n<meta property=\"og:description\" content=\"Table of Contents Imprint the Writing Flow Dr Stefanie Koettl-BrodmannRoemerstr. 3\/24690 Schwanenstadt\u00f6sterreichE-Mail: stefanie@thewritingflow.com Du hast Fragen oder die Anmeldung zu meinem Kurs bzw. zu meinem Workshop klappt nicht? Sende mir eine Nachricht an\u00a0stefanie@thewritingflow.com Credits Logo-Design\u00a0Valerie Merl\u00a0Webdesign\u00a0Petra BergerFotographie:\u00a0Romana Maalouf\u00a0Andere Bilder: ich benutze entweder selbstgemachte Fotos oder lizenzfreie Bilder Haftungsausschluss Ich \u00fcbernehme keine Verantwortung f\u00fcr den Inhalt [&hellip;]\" \/>\n<meta property=\"og:url\" content=\"https:\/\/thewritingflow.com\/en\/impressum\/\" \/>\n<meta property=\"og:site_name\" content=\"The Writing Flow\" \/>\n<meta property=\"article:publisher\" content=\"https:\/\/www.facebook.com\/thewritingflow.stefanie\" \/>\n<meta property=\"article:modified_time\" content=\"2024-06-26T07:17:23+00:00\" \/>\n<meta name=\"twitter:card\" content=\"summary_large_image\" \/>\n<meta name=\"twitter:label1\" content=\"Estimated reading time\" \/>\n\t<meta name=\"twitter:data1\" content=\"2 minutes\" \/>\n<script type=\"application\/ld+json\" class=\"yoast-schema-graph\">{\"@context\":\"https:\/\/schema.org\",\"@graph\":[{\"@type\":\"WebPage\",\"@id\":\"https:\/\/thewritingflow.com\/impressum\/\",\"url\":\"https:\/\/thewritingflow.com\/impressum\/\",\"name\":\"Impressum - The Writing Flow\",\"isPartOf\":{\"@id\":\"https:\/\/thewritingflow.com\/#website\"},\"datePublished\":\"2022-06-22T12:23:55+00:00\",\"dateModified\":\"2024-06-26T07:17:23+00:00\",\"breadcrumb\":{\"@id\":\"https:\/\/thewritingflow.com\/impressum\/#breadcrumb\"},\"inLanguage\":\"en-GB\",\"potentialAction\":[{\"@type\":\"ReadAction\",\"target\":[\"https:\/\/thewritingflow.com\/impressum\/\"]}]},{\"@type\":\"BreadcrumbList\",\"@id\":\"https:\/\/thewritingflow.com\/impressum\/#breadcrumb\",\"itemListElement\":[{\"@type\":\"ListItem\",\"position\":1,\"name\":\"Home\",\"item\":\"https:\/\/thewritingflow.com\/\"},{\"@type\":\"ListItem\",\"position\":2,\"name\":\"Impressum\"}]},{\"@type\":\"WebSite\",\"@id\":\"https:\/\/thewritingflow.com\/#website\",\"url\":\"https:\/\/thewritingflow.com\/\",\"name\":\"The Writing Flow\",\"description\":\"Writing coach who can relate to women\u2019s need for voice and self-care\",\"publisher\":{\"@id\":\"https:\/\/thewritingflow.com\/#\/schema\/person\/bb898c90cce197ab8fb4ad181037a21b\"},\"potentialAction\":[{\"@type\":\"SearchAction\",\"target\":{\"@type\":\"EntryPoint\",\"urlTemplate\":\"https:\/\/thewritingflow.com\/?s={search_term_string}\"},\"query-input\":{\"@type\":\"PropertyValueSpecification\",\"valueRequired\":true,\"valueName\":\"search_term_string\"}}],\"inLanguage\":\"en-GB\"},{\"@type\":[\"Person\",\"Organization\"],\"@id\":\"https:\/\/thewritingflow.com\/#\/schema\/person\/bb898c90cce197ab8fb4ad181037a21b\",\"name\":\"Stefanie\",\"image\":{\"@type\":\"ImageObject\",\"inLanguage\":\"en-GB\",\"@id\":\"https:\/\/thewritingflow.com\/#\/schema\/person\/image\/\",\"url\":\"https:\/\/thewritingflow.com\/wp-content\/uploads\/2022\/06\/Steffie_19.jpg\",\"contentUrl\":\"https:\/\/thewritingflow.com\/wp-content\/uploads\/2022\/06\/Steffie_19.jpg\",\"width\":1336,\"height\":2001,\"caption\":\"Stefanie\"},\"logo\":{\"@id\":\"https:\/\/thewritingflow.com\/#\/schema\/person\/image\/\"},\"sameAs\":[\"https:\/\/www.facebook.com\/thewritingflow.stefanie\",\"https:\/\/www.instagram.com\/thewritingflow.stefanie\/\",\"https:\/\/www.linkedin.com\/in\/stefaniebrodmann\/\"]}]}<\/script>\n<!-- \/ Yoast SEO plugin. -->","yoast_head_json":{"title":"Impressum - The Writing Flow","robots":{"index":"index","follow":"follow","max-snippet":"max-snippet:-1","max-image-preview":"max-image-preview:large","max-video-preview":"max-video-preview:-1"},"canonical":"https:\/\/thewritingflow.com\/en\/impressum\/","og_locale":"en_GB","og_type":"article","og_title":"Impressum - The Writing Flow","og_description":"Table of Contents Imprint the Writing Flow Dr Stefanie Koettl-BrodmannRoemerstr. 3\/24690 Schwanenstadt\u00f6sterreichE-Mail: stefanie@thewritingflow.com Du hast Fragen oder die Anmeldung zu meinem Kurs bzw. zu meinem Workshop klappt nicht? Sende mir eine Nachricht an\u00a0stefanie@thewritingflow.com Credits Logo-Design\u00a0Valerie Merl\u00a0Webdesign\u00a0Petra BergerFotographie:\u00a0Romana Maalouf\u00a0Andere Bilder: ich benutze entweder selbstgemachte Fotos oder lizenzfreie Bilder Haftungsausschluss Ich \u00fcbernehme keine Verantwortung f\u00fcr den Inhalt [&hellip;]","og_url":"https:\/\/thewritingflow.com\/en\/impressum\/","og_site_name":"The Writing Flow","article_publisher":"https:\/\/www.facebook.com\/thewritingflow.stefanie","article_modified_time":"2024-06-26T07:17:23+00:00","twitter_card":"summary_large_image","twitter_misc":{"Estimated reading time":"2 minutes"},"schema":{"@context":"https:\/\/schema.org","@graph":[{"@type":"WebPage","@id":"https:\/\/thewritingflow.com\/impressum\/","url":"https:\/\/thewritingflow.com\/impressum\/","name":"Impressum - The Writing Flow","isPartOf":{"@id":"https:\/\/thewritingflow.com\/#website"},"datePublished":"2022-06-22T12:23:55+00:00","dateModified":"2024-06-26T07:17:23+00:00","breadcrumb":{"@id":"https:\/\/thewritingflow.com\/impressum\/#breadcrumb"},"inLanguage":"en-GB","potentialAction":[{"@type":"ReadAction","target":["https:\/\/thewritingflow.com\/impressum\/"]}]},{"@type":"BreadcrumbList","@id":"https:\/\/thewritingflow.com\/impressum\/#breadcrumb","itemListElement":[{"@type":"ListItem","position":1,"name":"Home","item":"https:\/\/thewritingflow.com\/"},{"@type":"ListItem","position":2,"name":"Impressum"}]},{"@type":"WebSite","@id":"https:\/\/thewritingflow.com\/#website","url":"https:\/\/thewritingflow.com\/","name":"The Writing Flow","description":"Writing coach who can relate to women\u2019s need for voice and self-care","publisher":{"@id":"https:\/\/thewritingflow.com\/#\/schema\/person\/bb898c90cce197ab8fb4ad181037a21b"},"potentialAction":[{"@type":"SearchAction","target":{"@type":"EntryPoint","urlTemplate":"https:\/\/thewritingflow.com\/?s={search_term_string}"},"query-input":{"@type":"PropertyValueSpecification","valueRequired":true,"valueName":"search_term_string"}}],"inLanguage":"en-GB"},{"@type":["Person","Organization"],"@id":"https:\/\/thewritingflow.com\/#\/schema\/person\/bb898c90cce197ab8fb4ad181037a21b","name":"Stefanie","image":{"@type":"ImageObject","inLanguage":"en-GB","@id":"https:\/\/thewritingflow.com\/#\/schema\/person\/image\/","url":"https:\/\/thewritingflow.com\/wp-content\/uploads\/2022\/06\/Steffie_19.jpg","contentUrl":"https:\/\/thewritingflow.com\/wp-content\/uploads\/2022\/06\/Steffie_19.jpg","width":1336,"height":2001,"caption":"Stefanie"},"logo":{"@id":"https:\/\/thewritingflow.com\/#\/schema\/person\/image\/"},"sameAs":["https:\/\/www.facebook.com\/thewritingflow.stefanie","https:\/\/www.instagram.com\/thewritingflow.stefanie\/","https:\/\/www.linkedin.com\/in\/stefaniebrodmann\/"]}]}},"_links":{"self":[{"href":"https:\/\/thewritingflow.com\/en\/wp-json\/wp\/v2\/pages\/1620"}],"collection":[{"href":"https:\/\/thewritingflow.com\/en\/wp-json\/wp\/v2\/pages"}],"about":[{"href":"https:\/\/thewritingflow.com\/en\/wp-json\/wp\/v2\/types\/page"}],"author":[{"embeddable":true,"href":"https:\/\/thewritingflow.com\/en\/wp-json\/wp\/v2\/users\/1"}],"replies":[{"embeddable":true,"href":"https:\/\/thewritingflow.com\/en\/wp-json\/wp\/v2\/comments?post=1620"}],"version-history":[{"count":3,"href":"https:\/\/thewritingflow.com\/en\/wp-json\/wp\/v2\/pages\/1620\/revisions"}],"predecessor-version":[{"id":10332,"href":"https:\/\/thewritingflow.com\/en\/wp-json\/wp\/v2\/pages\/1620\/revisions\/10332"}],"wp:attachment":[{"href":"https:\/\/thewritingflow.com\/en\/wp-json\/wp\/v2\/media?parent=1620"}],"curies":[{"name":"wp","href":"https:\/\/api.w.org\/{rel}","templated":true}]}}