{"id":1813,"date":"2022-06-22T19:16:04","date_gmt":"2022-06-22T17:16:04","guid":{"rendered":"https:\/\/thewritingflow.com\/?page_id=1813"},"modified":"2024-06-26T09:13:33","modified_gmt":"2024-06-26T07:13:33","slug":"terms-and-conditions","status":"publish","type":"page","link":"https:\/\/thewritingflow.com\/en\/terms-and-conditions\/","title":{"rendered":"Terms &amp; Conditions"},"content":{"rendered":"<div data-elementor-type=\"wp-page\" data-elementor-id=\"1813\" class=\"elementor elementor-1813\" data-elementor-post-type=\"page\">\n\t\t\t\t\t\t<section class=\"elementor-section elementor-top-section elementor-element elementor-element-b882532 elementor-section-boxed elementor-section-height-default elementor-section-height-default\" data-id=\"b882532\" data-element_type=\"section\" data-settings=\"{&quot;background_background&quot;:&quot;classic&quot;,&quot;shape_divider_top&quot;:&quot;waves&quot;,&quot;shape_divider_bottom&quot;:&quot;waves&quot;}\">\n\t\t\t\t\t\t\t<div class=\"elementor-background-overlay\"><\/div>\n\t\t\t\t\t\t<div class=\"elementor-shape elementor-shape-top\" data-negative=\"false\">\n\t\t\t<svg xmlns=\"http:\/\/www.w3.org\/2000\/svg\" viewbox=\"0 0 1000 100\" preserveaspectratio=\"none\">\n\t<path class=\"elementor-shape-fill\" d=\"M421.9,6.5c22.6-2.5,51.5,0.4,75.5,5.3c23.6,4.9,70.9,23.5,100.5,35.7c75.8,32.2,133.7,44.5,192.6,49.7\tc23.6,2.1,48.7,3.5,103.4-2.5c54.7-6,106.2-25.6,106.2-25.6V0H0v30.3c0,0,72,32.6,158.4,30.5c39.2-0.7,92.8-6.7,134-22.4\tc21.2-8.1,52.2-18.2,79.7-24.2C399.3,7.9,411.6,7.5,421.9,6.5z\"\/>\n<\/svg>\t\t<\/div>\n\t\t\t\t<div class=\"elementor-shape elementor-shape-bottom\" data-negative=\"false\">\n\t\t\t<svg xmlns=\"http:\/\/www.w3.org\/2000\/svg\" viewbox=\"0 0 1000 100\" preserveaspectratio=\"none\">\n\t<path class=\"elementor-shape-fill\" d=\"M421.9,6.5c22.6-2.5,51.5,0.4,75.5,5.3c23.6,4.9,70.9,23.5,100.5,35.7c75.8,32.2,133.7,44.5,192.6,49.7\tc23.6,2.1,48.7,3.5,103.4-2.5c54.7-6,106.2-25.6,106.2-25.6V0H0v30.3c0,0,72,32.6,158.4,30.5c39.2-0.7,92.8-6.7,134-22.4\tc21.2-8.1,52.2-18.2,79.7-24.2C399.3,7.9,411.6,7.5,421.9,6.5z\"\/>\n<\/svg>\t\t<\/div>\n\t\t\t\t\t<div class=\"elementor-container elementor-column-gap-default\">\n\t\t\t\t\t<div class=\"elementor-column elementor-col-100 elementor-top-column elementor-element elementor-element-e382a8a\" data-id=\"e382a8a\" data-element_type=\"column\" data-settings=\"{&quot;background_background&quot;:&quot;classic&quot;}\">\n\t\t\t<div class=\"elementor-widget-wrap elementor-element-populated\">\n\t\t\t\t\t<div class=\"elementor-background-overlay\"><\/div>\n\t\t\t\t\t\t<div class=\"elementor-element elementor-element-9952c58 elementor-widget elementor-widget-theme-post-title elementor-page-title elementor-widget-heading\" data-id=\"9952c58\" data-element_type=\"widget\" data-widget_type=\"theme-post-title.default\">\n\t\t\t\t<div class=\"elementor-widget-container\">\n\t\t\t<h1 class=\"elementor-heading-title elementor-size-default\">Terms &amp; Conditions<\/h1>\t\t<\/div>\n\t\t\t\t<\/div>\n\t\t\t\t<section class=\"elementor-section elementor-inner-section elementor-element elementor-element-467ca4e elementor-section-boxed elementor-section-height-default elementor-section-height-default\" data-id=\"467ca4e\" data-element_type=\"section\" data-settings=\"{&quot;background_background&quot;:&quot;classic&quot;}\">\n\t\t\t\t\t\t<div class=\"elementor-container elementor-column-gap-default\">\n\t\t\t\t\t<div class=\"elementor-column elementor-col-50 elementor-inner-column elementor-element elementor-element-405e595\" data-id=\"405e595\" data-element_type=\"column\" data-settings=\"{&quot;background_background&quot;:&quot;classic&quot;}\">\n\t\t\t<div class=\"elementor-widget-wrap elementor-element-populated\">\n\t\t\t\t\t\t<div class=\"elementor-element elementor-element-19ceaa3 elementor-toc--content-ellipsis elementor-toc--minimized-on-tablet elementor-widget elementor-widget-table-of-contents\" data-id=\"19ceaa3\" data-element_type=\"widget\" data-settings=\"{&quot;headings_by_tags&quot;:[&quot;h2&quot;,&quot;h3&quot;],&quot;exclude_headings_by_selector&quot;:[],&quot;marker_view&quot;:&quot;numbers&quot;,&quot;minimize_box&quot;:&quot;yes&quot;,&quot;minimized_on&quot;:&quot;tablet&quot;,&quot;hierarchical_view&quot;:&quot;yes&quot;,&quot;min_height&quot;:{&quot;unit&quot;:&quot;px&quot;,&quot;size&quot;:&quot;&quot;,&quot;sizes&quot;:[]},&quot;min_height_tablet&quot;:{&quot;unit&quot;:&quot;px&quot;,&quot;size&quot;:&quot;&quot;,&quot;sizes&quot;:[]},&quot;min_height_mobile&quot;:{&quot;unit&quot;:&quot;px&quot;,&quot;size&quot;:&quot;&quot;,&quot;sizes&quot;:[]}}\" data-widget_type=\"table-of-contents.default\">\n\t\t\t\t<div class=\"elementor-widget-container\">\n\t\t\t\t\t<div class=\"elementor-toc__header\">\n\t\t\t<h3 class=\"elementor-toc__header-title\">\n\t\t\t\tTable of Contents\t\t\t<\/h3>\n\t\t\t\t\t\t\t<div class=\"elementor-toc__toggle-button elementor-toc__toggle-button--expand\" role=\"button\" tabindex=\"0\" aria-controls=\"elementor-toc__19ceaa3\" aria-expanded=\"true\" aria-label=\"Open table of contents\"><i aria-hidden=\"true\" class=\"fas fa-chevron-down\"><\/i><\/div>\n\t\t\t\t<div class=\"elementor-toc__toggle-button elementor-toc__toggle-button--collapse\" role=\"button\" tabindex=\"0\" aria-controls=\"elementor-toc__19ceaa3\" aria-expanded=\"true\" aria-label=\"Close table of contents\"><i aria-hidden=\"true\" class=\"fas fa-chevron-up\"><\/i><\/div>\n\t\t\t\t\t<\/div>\n\t\t<div id=\"elementor-toc__19ceaa3\" class=\"elementor-toc__body\">\n\t\t\t<div class=\"elementor-toc__spinner-container\">\n\t\t\t\t<i class=\"elementor-toc__spinner eicon-animation-spin eicon-loading\" aria-hidden=\"true\"><\/i>\t\t\t<\/div>\n\t\t<\/div>\n\t\t\t\t<\/div>\n\t\t\t\t<\/div>\n\t\t\t\t\t<\/div>\n\t\t<\/div>\n\t\t\t\t<div class=\"elementor-column elementor-col-50 elementor-inner-column elementor-element elementor-element-46e6603\" data-id=\"46e6603\" data-element_type=\"column\">\n\t\t\t<div class=\"elementor-widget-wrap elementor-element-populated\">\n\t\t\t\t\t\t<div class=\"elementor-element elementor-element-890363a elementor-widget elementor-widget-heading\" data-id=\"890363a\" data-element_type=\"widget\" data-widget_type=\"heading.default\">\n\t\t\t\t<div class=\"elementor-widget-container\">\n\t\t\t<h2 class=\"elementor-heading-title elementor-size-default\">Allgemeine Gesch\u00e4ftsbedingungen<\/h2>\t\t<\/div>\n\t\t\t\t<\/div>\n\t\t\t\t<div class=\"elementor-element elementor-element-e60f965 elementor-widget elementor-widget-heading\" data-id=\"e60f965\" data-element_type=\"widget\" data-widget_type=\"heading.default\">\n\t\t\t\t<div class=\"elementor-widget-container\">\n\t\t\t<h3 class=\"elementor-heading-title elementor-size-default\">Vertragspartner<\/h3>\t\t<\/div>\n\t\t\t\t<\/div>\n\t\t\t\t<div class=\"elementor-element elementor-element-708893a elementor-widget elementor-widget-text-editor\" data-id=\"708893a\" data-element_type=\"widget\" data-widget_type=\"text-editor.default\">\n\t\t\t\t<div class=\"elementor-widget-container\">\n\t\t\t\t\t\t\t<p>Vertragspartner ist\u00a0<br \/>Dr. Stefanie K\u00f6ttl-Brodmann<br \/>R\u00f6merstr. 3\/2<br \/>4690 Schwanenstadt<br \/>\u00d6sterreich<\/p>\t\t\t\t\t\t<\/div>\n\t\t\t\t<\/div>\n\t\t\t\t<div class=\"elementor-element elementor-element-b862705 elementor-widget elementor-widget-heading\" data-id=\"b862705\" data-element_type=\"widget\" data-widget_type=\"heading.default\">\n\t\t\t\t<div class=\"elementor-widget-container\">\n\t\t\t<h3 class=\"elementor-heading-title elementor-size-default\">Anmeldung<\/h3>\t\t<\/div>\n\t\t\t\t<\/div>\n\t\t\t\t<div class=\"elementor-element elementor-element-faf86a6 elementor-widget elementor-widget-text-editor\" data-id=\"faf86a6\" data-element_type=\"widget\" data-widget_type=\"text-editor.default\">\n\t\t\t\t<div class=\"elementor-widget-container\">\n\t\t\t\t\t\t\t<p>Mit der Anmeldung \u00fcber die Website (den webshop) ist Ihre Teilnahme am gew\u00e4hlten Schreibworkshop verbindlich und die Zahlungs- und Stornokonditionen werden akzeptiert. Wir schicken Ihnen umgehend eine E-Mail das Ihre Anmeldung bei uns best\u00e4tigt. Anmeldungen \u00fcber Telefon oder Email werden nicht akzeptiert. Ausnahme: bei Ausfall der Webseite oder technischen Problemen der Anmeldeseite werden Emailanmeldungen nach Kenntnisnahme der AGB akzeptiert.<\/p><p>Sollte der von Ihnen gew\u00e4hlte Schreibworkshop bereits ausgebucht sein, kontaktieren Sie uns bitte per E-mail unter\u00a0<a href=\"mailto:stefanie@thewritingflow.com\">stefanie@thewritingflow.com\u00a0<\/a>damit wir Sie auf unserer Warteliste vermerken k\u00f6nnen. Sobald ein Platz frei wird benachrichtigen wir sie gerne. Die MindestteilnehmerInnenzahlen sind abh\u00e4ngig von der Art des Workshops.<\/p>\t\t\t\t\t\t<\/div>\n\t\t\t\t<\/div>\n\t\t\t\t<div class=\"elementor-element elementor-element-9072b7a elementor-widget elementor-widget-heading\" data-id=\"9072b7a\" data-element_type=\"widget\" data-widget_type=\"heading.default\">\n\t\t\t\t<div class=\"elementor-widget-container\">\n\t\t\t<h3 class=\"elementor-heading-title elementor-size-default\">Widerrufsrecht<\/h3>\t\t<\/div>\n\t\t\t\t<\/div>\n\t\t\t\t<div class=\"elementor-element elementor-element-c473375 elementor-widget elementor-widget-text-editor\" data-id=\"c473375\" data-element_type=\"widget\" data-widget_type=\"text-editor.default\">\n\t\t\t\t<div class=\"elementor-widget-container\">\n\t\t\t\t\t\t\t<p>Sie haben das Recht, binnen 14 Tagen ohne Angabe von Gr\u00fcnden diesen Vertrag zu widerrufen. Die Frist zum R\u00fccktritt beginnt mit dem Tag des Vertragsabschlusses, d.h. mit der Anmeldung in unserem webshop. Dies gilt nicht f\u00fcr Schreibworkshops, die bereits innerhalb dieser 14 Tage ab Vertragsabschluss beginnen.<\/p><p>Jeglicher R\u00fccktritt muss uns gegen\u00fcber schriftlich erkl\u00e4rt werden. Die Erkl\u00e4rung des R\u00fccktritts ist an keine bestimmte Form gebunden.<\/p><p>Wenn Sie diesen Vertrag widerrufen, haben wir Ihnen alle Zahlungen, die wir von Ihnen erhalten haben, unverz\u00fcglich und sp\u00e4testens binnen vierzehn Tagen ab dem Tag r\u00fcckzuerstatten, an dem die Mitteilung \u00fcber Ihren Widerruf dieses Vertrags bei uns eingegangen ist.<\/p>\t\t\t\t\t\t<\/div>\n\t\t\t\t<\/div>\n\t\t\t\t<div class=\"elementor-element elementor-element-f133ad4 elementor-widget elementor-widget-heading\" data-id=\"f133ad4\" data-element_type=\"widget\" data-widget_type=\"heading.default\">\n\t\t\t\t<div class=\"elementor-widget-container\">\n\t\t\t<h3 class=\"elementor-heading-title elementor-size-default\">Stornobedingungen<\/h3>\t\t<\/div>\n\t\t\t\t<\/div>\n\t\t\t\t<div class=\"elementor-element elementor-element-e838cfb elementor-widget elementor-widget-text-editor\" data-id=\"e838cfb\" data-element_type=\"widget\" data-widget_type=\"text-editor.default\">\n\t\t\t\t<div class=\"elementor-widget-container\">\n\t\t\t\t\t\t\t<p>Mit der Anmeldung in unserem webshop ist die Teilnahme am gew\u00e4hlten Schreibworkshop verbindlich.<\/p><p>Bei R\u00fccktritt bis 4 Wochen vor Beginn des Schreibworkshops wird die Seminargeb\u00fchr exklusive \u20ac 10,- Bearbeitungskosten zur\u00fcck\u00fcberwiesen.<\/p><p>Bei R\u00fccktritt nach 4 Wochen vor Seminarbeginn muss die volle Geb\u00fchr bezahlt werden. Gerne kann eine zahlende Ersatz-TeilnehmerIn f\u00fcr Ihren Seminarplatz geschickt werden und wir werden Ihnen die Seminargeb\u00fchr exklusive \u20ac 10,- Bearbeitungskosten zur\u00fcck\u00fcberwiesen.<\/p><p>Im Fall der Absage der Schreibworkshops von unserer Seite erstatten wir Ihnen die Teilnahmegeb\u00fchr. Weitergehende Anspr\u00fcche sind ausgeschlossen.<\/p>\t\t\t\t\t\t<\/div>\n\t\t\t\t<\/div>\n\t\t\t\t<div class=\"elementor-element elementor-element-79f06cc elementor-widget elementor-widget-heading\" data-id=\"79f06cc\" data-element_type=\"widget\" data-widget_type=\"heading.default\">\n\t\t\t\t<div class=\"elementor-widget-container\">\n\t\t\t<h3 class=\"elementor-heading-title elementor-size-default\">Urheberrecht<\/h3>\t\t<\/div>\n\t\t\t\t<\/div>\n\t\t\t\t<div class=\"elementor-element elementor-element-63600be elementor-widget elementor-widget-text-editor\" data-id=\"63600be\" data-element_type=\"widget\" data-widget_type=\"text-editor.default\">\n\t\t\t\t<div class=\"elementor-widget-container\">\n\t\t\t\t\t\t\t<p>Sie nehmen zur Kenntnis, dass die Inhalte unserer Schreibworkshops und anderer Veranstaltungsunterlagen urheberrechtlichen Schutz genie\u00dfen. Jede \u00fcber die eigene private Nutzung hinausgehende Vervielf\u00e4ltigung, Verbreitung oder sonstige Verwendung dieser Unterlagen sind dem\/der TeilnehmerIn ausdr\u00fccklich untersagt.<\/p><p>Sie nehmen weiterhin zur Kenntnis, dass die vertraulichen Informationen, die im Rahmen der Schreibworkshops ausgetauscht werden, dem\/der AutorIn dieser Informationen geho\u0308ren, einschlie\u00dflich aller schriftlichen oder mu\u0308ndlichen Ideen, Formulierungen und Geschichten, die vor, wa\u0308hrend oder nach dem Workshop ausgetauscht werden.<\/p><p>Nichts davon darf in irgendeiner Form (au\u00dferhalb der ausdru\u0308cklich artikulierten Zwecke des Workshops) ausgetauscht oder reproduziert werden.<\/p>\t\t\t\t\t\t<\/div>\n\t\t\t\t<\/div>\n\t\t\t\t<div class=\"elementor-element elementor-element-aae38f7 elementor-widget elementor-widget-heading\" data-id=\"aae38f7\" data-element_type=\"widget\" data-widget_type=\"heading.default\">\n\t\t\t\t<div class=\"elementor-widget-container\">\n\t\t\t<h3 class=\"elementor-heading-title elementor-size-default\">Privacy Policy<\/h3>\t\t<\/div>\n\t\t\t\t<\/div>\n\t\t\t\t<div class=\"elementor-element elementor-element-037c4da elementor-widget elementor-widget-text-editor\" data-id=\"037c4da\" data-element_type=\"widget\" data-widget_type=\"text-editor.default\">\n\t\t\t\t<div class=\"elementor-widget-container\">\n\t\t\t\t\t\t\t<p>Sie erkl\u00e4ren sich damit einverstanden, dass wir Ihre personenbezogenen Daten unter Beachtung der Bestimmungen des Datenschutzgesetzes auch f\u00fcr die Zusendung sp\u00e4terer Informationen speichern und verwenden.<\/p><p>Bitte beachten Sie auch unsere\u00a0<a href=\"https:\/\/thewritingflow.com\/en\/de\/privacy\/\">Datenschutzrichtlinie<\/a>.<\/p>\t\t\t\t\t\t<\/div>\n\t\t\t\t<\/div>\n\t\t\t\t<div class=\"elementor-element elementor-element-8bfd5b8 elementor-widget elementor-widget-heading\" data-id=\"8bfd5b8\" data-element_type=\"widget\" data-widget_type=\"heading.default\">\n\t\t\t\t<div class=\"elementor-widget-container\">\n\t\t\t<h3 class=\"elementor-heading-title elementor-size-default\">Fotos und Videoaufnahmen<\/h3>\t\t<\/div>\n\t\t\t\t<\/div>\n\t\t\t\t<div class=\"elementor-element elementor-element-12e6505 elementor-widget elementor-widget-text-editor\" data-id=\"12e6505\" data-element_type=\"widget\" data-widget_type=\"text-editor.default\">\n\t\t\t\t<div class=\"elementor-widget-container\">\n\t\t\t\t\t\t\t<p>Mit Ihrer Anmeldung nehmen Sie zur Kenntnis, dass Fotos und Videos, die von der Veranstalterin oder in deren Auftrag im Rahmen der Schreibworkshops gemacht werden, f\u00fcr Werbezwecke, auf der Homepage, in Printmedien und in Social Media (z.B. Instagram, Facebook) verwendet werden k\u00f6nnen. Sie k\u00f6nnen dieses Einverst\u00e4ndnis jederzeit widerrufen.<\/p>\t\t\t\t\t\t<\/div>\n\t\t\t\t<\/div>\n\t\t\t\t\t<\/div>\n\t\t<\/div>\n\t\t\t\t\t<\/div>\n\t\t<\/section>\n\t\t\t\t\t<\/div>\n\t\t<\/div>\n\t\t\t\t\t<\/div>\n\t\t<\/section>\n\t\t\t\t<\/div>","protected":false},"excerpt":{"rendered":"<p>Table of Contents Allgemeine Gesch\u00e4ftsbedingungen Vertragspartner Vertragspartner ist\u00a0Dr. Stefanie K\u00f6ttl-BrodmannR\u00f6merstr. 3\/24690 Schwanenstadt\u00d6sterreich Anmeldung Mit der Anmeldung \u00fcber die Website (den webshop) ist Ihre Teilnahme am gew\u00e4hlten Schreibworkshop verbindlich und die Zahlungs- und Stornokonditionen werden akzeptiert. Wir schicken Ihnen umgehend eine E-Mail das Ihre Anmeldung bei uns best\u00e4tigt. Anmeldungen \u00fcber Telefon oder Email werden nicht akzeptiert. [&hellip;]<\/p>","protected":false},"author":1,"featured_media":0,"parent":0,"menu_order":0,"comment_status":"closed","ping_status":"closed","template":"elementor_header_footer","meta":{"footnotes":""},"class_list":["post-1813","page","type-page","status-publish","hentry"],"yoast_head":"<!-- This site is optimized with the Yoast SEO plugin v23.7 - https:\/\/yoast.com\/wordpress\/plugins\/seo\/ -->\n<title>AGB - The Writing Flow<\/title>\n<meta name=\"robots\" content=\"index, follow, max-snippet:-1, max-image-preview:large, max-video-preview:-1\" \/>\n<link rel=\"canonical\" href=\"https:\/\/thewritingflow.com\/en\/terms-and-conditions\/\" \/>\n<meta property=\"og:locale\" content=\"en_GB\" \/>\n<meta property=\"og:type\" content=\"article\" \/>\n<meta property=\"og:title\" content=\"AGB - The Writing Flow\" \/>\n<meta property=\"og:description\" content=\"Table of Contents Allgemeine Gesch\u00e4ftsbedingungen Vertragspartner Vertragspartner ist\u00a0Dr. Stefanie K\u00f6ttl-BrodmannR\u00f6merstr. 3\/24690 Schwanenstadt\u00d6sterreich Anmeldung Mit der Anmeldung \u00fcber die Website (den webshop) ist Ihre Teilnahme am gew\u00e4hlten Schreibworkshop verbindlich und die Zahlungs- und Stornokonditionen werden akzeptiert. Wir schicken Ihnen umgehend eine E-Mail das Ihre Anmeldung bei uns best\u00e4tigt. Anmeldungen \u00fcber Telefon oder Email werden nicht akzeptiert. [&hellip;]\" \/>\n<meta property=\"og:url\" content=\"https:\/\/thewritingflow.com\/en\/terms-and-conditions\/\" \/>\n<meta property=\"og:site_name\" content=\"The Writing Flow\" \/>\n<meta property=\"article:publisher\" content=\"https:\/\/www.facebook.com\/thewritingflow.stefanie\" \/>\n<meta property=\"article:modified_time\" content=\"2024-06-26T07:13:33+00:00\" \/>\n<meta name=\"twitter:card\" content=\"summary_large_image\" \/>\n<meta name=\"twitter:label1\" content=\"Estimated reading time\" \/>\n\t<meta name=\"twitter:data1\" content=\"3 minutes\" \/>\n<script type=\"application\/ld+json\" class=\"yoast-schema-graph\">{\"@context\":\"https:\/\/schema.org\",\"@graph\":[{\"@type\":\"WebPage\",\"@id\":\"https:\/\/thewritingflow.com\/terms-and-conditions\/\",\"url\":\"https:\/\/thewritingflow.com\/terms-and-conditions\/\",\"name\":\"AGB - The Writing Flow\",\"isPartOf\":{\"@id\":\"https:\/\/thewritingflow.com\/#website\"},\"datePublished\":\"2022-06-22T17:16:04+00:00\",\"dateModified\":\"2024-06-26T07:13:33+00:00\",\"breadcrumb\":{\"@id\":\"https:\/\/thewritingflow.com\/terms-and-conditions\/#breadcrumb\"},\"inLanguage\":\"en-GB\",\"potentialAction\":[{\"@type\":\"ReadAction\",\"target\":[\"https:\/\/thewritingflow.com\/terms-and-conditions\/\"]}]},{\"@type\":\"BreadcrumbList\",\"@id\":\"https:\/\/thewritingflow.com\/terms-and-conditions\/#breadcrumb\",\"itemListElement\":[{\"@type\":\"ListItem\",\"position\":1,\"name\":\"Home\",\"item\":\"https:\/\/thewritingflow.com\/\"},{\"@type\":\"ListItem\",\"position\":2,\"name\":\"AGB\"}]},{\"@type\":\"WebSite\",\"@id\":\"https:\/\/thewritingflow.com\/#website\",\"url\":\"https:\/\/thewritingflow.com\/\",\"name\":\"The Writing Flow\",\"description\":\"Writing coach who can relate to women\u2019s need for voice and self-care\",\"publisher\":{\"@id\":\"https:\/\/thewritingflow.com\/#\/schema\/person\/bb898c90cce197ab8fb4ad181037a21b\"},\"potentialAction\":[{\"@type\":\"SearchAction\",\"target\":{\"@type\":\"EntryPoint\",\"urlTemplate\":\"https:\/\/thewritingflow.com\/?s={search_term_string}\"},\"query-input\":{\"@type\":\"PropertyValueSpecification\",\"valueRequired\":true,\"valueName\":\"search_term_string\"}}],\"inLanguage\":\"en-GB\"},{\"@type\":[\"Person\",\"Organization\"],\"@id\":\"https:\/\/thewritingflow.com\/#\/schema\/person\/bb898c90cce197ab8fb4ad181037a21b\",\"name\":\"Stefanie\",\"image\":{\"@type\":\"ImageObject\",\"inLanguage\":\"en-GB\",\"@id\":\"https:\/\/thewritingflow.com\/#\/schema\/person\/image\/\",\"url\":\"https:\/\/thewritingflow.com\/wp-content\/uploads\/2022\/06\/Steffie_19.jpg\",\"contentUrl\":\"https:\/\/thewritingflow.com\/wp-content\/uploads\/2022\/06\/Steffie_19.jpg\",\"width\":1336,\"height\":2001,\"caption\":\"Stefanie\"},\"logo\":{\"@id\":\"https:\/\/thewritingflow.com\/#\/schema\/person\/image\/\"},\"sameAs\":[\"https:\/\/www.facebook.com\/thewritingflow.stefanie\",\"https:\/\/www.instagram.com\/thewritingflow.stefanie\/\",\"https:\/\/www.linkedin.com\/in\/stefaniebrodmann\/\"]}]}<\/script>\n<!-- \/ Yoast SEO plugin. -->","yoast_head_json":{"title":"AGB - The Writing Flow","robots":{"index":"index","follow":"follow","max-snippet":"max-snippet:-1","max-image-preview":"max-image-preview:large","max-video-preview":"max-video-preview:-1"},"canonical":"https:\/\/thewritingflow.com\/en\/terms-and-conditions\/","og_locale":"en_GB","og_type":"article","og_title":"AGB - The Writing Flow","og_description":"Table of Contents Allgemeine Gesch\u00e4ftsbedingungen Vertragspartner Vertragspartner ist\u00a0Dr. Stefanie K\u00f6ttl-BrodmannR\u00f6merstr. 3\/24690 Schwanenstadt\u00d6sterreich Anmeldung Mit der Anmeldung \u00fcber die Website (den webshop) ist Ihre Teilnahme am gew\u00e4hlten Schreibworkshop verbindlich und die Zahlungs- und Stornokonditionen werden akzeptiert. Wir schicken Ihnen umgehend eine E-Mail das Ihre Anmeldung bei uns best\u00e4tigt. Anmeldungen \u00fcber Telefon oder Email werden nicht akzeptiert. [&hellip;]","og_url":"https:\/\/thewritingflow.com\/en\/terms-and-conditions\/","og_site_name":"The Writing Flow","article_publisher":"https:\/\/www.facebook.com\/thewritingflow.stefanie","article_modified_time":"2024-06-26T07:13:33+00:00","twitter_card":"summary_large_image","twitter_misc":{"Estimated reading time":"3 minutes"},"schema":{"@context":"https:\/\/schema.org","@graph":[{"@type":"WebPage","@id":"https:\/\/thewritingflow.com\/terms-and-conditions\/","url":"https:\/\/thewritingflow.com\/terms-and-conditions\/","name":"AGB - The Writing Flow","isPartOf":{"@id":"https:\/\/thewritingflow.com\/#website"},"datePublished":"2022-06-22T17:16:04+00:00","dateModified":"2024-06-26T07:13:33+00:00","breadcrumb":{"@id":"https:\/\/thewritingflow.com\/terms-and-conditions\/#breadcrumb"},"inLanguage":"en-GB","potentialAction":[{"@type":"ReadAction","target":["https:\/\/thewritingflow.com\/terms-and-conditions\/"]}]},{"@type":"BreadcrumbList","@id":"https:\/\/thewritingflow.com\/terms-and-conditions\/#breadcrumb","itemListElement":[{"@type":"ListItem","position":1,"name":"Home","item":"https:\/\/thewritingflow.com\/"},{"@type":"ListItem","position":2,"name":"AGB"}]},{"@type":"WebSite","@id":"https:\/\/thewritingflow.com\/#website","url":"https:\/\/thewritingflow.com\/","name":"The Writing Flow","description":"Writing coach who can relate to women\u2019s need for voice and self-care","publisher":{"@id":"https:\/\/thewritingflow.com\/#\/schema\/person\/bb898c90cce197ab8fb4ad181037a21b"},"potentialAction":[{"@type":"SearchAction","target":{"@type":"EntryPoint","urlTemplate":"https:\/\/thewritingflow.com\/?s={search_term_string}"},"query-input":{"@type":"PropertyValueSpecification","valueRequired":true,"valueName":"search_term_string"}}],"inLanguage":"en-GB"},{"@type":["Person","Organization"],"@id":"https:\/\/thewritingflow.com\/#\/schema\/person\/bb898c90cce197ab8fb4ad181037a21b","name":"Stefanie","image":{"@type":"ImageObject","inLanguage":"en-GB","@id":"https:\/\/thewritingflow.com\/#\/schema\/person\/image\/","url":"https:\/\/thewritingflow.com\/wp-content\/uploads\/2022\/06\/Steffie_19.jpg","contentUrl":"https:\/\/thewritingflow.com\/wp-content\/uploads\/2022\/06\/Steffie_19.jpg","width":1336,"height":2001,"caption":"Stefanie"},"logo":{"@id":"https:\/\/thewritingflow.com\/#\/schema\/person\/image\/"},"sameAs":["https:\/\/www.facebook.com\/thewritingflow.stefanie","https:\/\/www.instagram.com\/thewritingflow.stefanie\/","https:\/\/www.linkedin.com\/in\/stefaniebrodmann\/"]}]}},"_links":{"self":[{"href":"https:\/\/thewritingflow.com\/en\/wp-json\/wp\/v2\/pages\/1813"}],"collection":[{"href":"https:\/\/thewritingflow.com\/en\/wp-json\/wp\/v2\/pages"}],"about":[{"href":"https:\/\/thewritingflow.com\/en\/wp-json\/wp\/v2\/types\/page"}],"author":[{"embeddable":true,"href":"https:\/\/thewritingflow.com\/en\/wp-json\/wp\/v2\/users\/1"}],"replies":[{"embeddable":true,"href":"https:\/\/thewritingflow.com\/en\/wp-json\/wp\/v2\/comments?post=1813"}],"version-history":[{"count":3,"href":"https:\/\/thewritingflow.com\/en\/wp-json\/wp\/v2\/pages\/1813\/revisions"}],"predecessor-version":[{"id":10320,"href":"https:\/\/thewritingflow.com\/en\/wp-json\/wp\/v2\/pages\/1813\/revisions\/10320"}],"wp:attachment":[{"href":"https:\/\/thewritingflow.com\/en\/wp-json\/wp\/v2\/media?parent=1813"}],"curies":[{"name":"wp","href":"https:\/\/api.w.org\/{rel}","templated":true}]}}