{"id":3159,"date":"2022-06-29T15:30:06","date_gmt":"2022-06-29T13:30:06","guid":{"rendered":"https:\/\/thewritingflow.com\/?page_id=3159"},"modified":"2024-07-03T11:30:52","modified_gmt":"2024-07-03T09:30:52","slug":"schreiblust-in-traunkirchen-checkout","status":"publish","type":"page","link":"https:\/\/thewritingflow.com\/en\/schreib-mit-mir\/schreiblust-in-traunkirchen-checkout\/","title":{"rendered":"Schreiblust in Traunkirchen Checkout"},"content":{"rendered":"<div data-elementor-type=\"wp-page\" data-elementor-id=\"3159\" class=\"elementor elementor-3159\" data-elementor-post-type=\"page\">\n\t\t\t\t\t\t<section class=\"elementor-section elementor-top-section elementor-element elementor-element-e96d48d elementor-section-boxed elementor-section-height-default elementor-section-height-default\" data-id=\"e96d48d\" data-element_type=\"section\" data-settings=\"{&quot;background_background&quot;:&quot;classic&quot;,&quot;shape_divider_top&quot;:&quot;waves&quot;}\">\n\t\t\t\t\t\t\t<div class=\"elementor-background-overlay\"><\/div>\n\t\t\t\t\t\t<div class=\"elementor-shape elementor-shape-top\" data-negative=\"false\">\n\t\t\t<svg xmlns=\"http:\/\/www.w3.org\/2000\/svg\" viewbox=\"0 0 1000 100\" preserveaspectratio=\"none\">\n\t<path class=\"elementor-shape-fill\" d=\"M421.9,6.5c22.6-2.5,51.5,0.4,75.5,5.3c23.6,4.9,70.9,23.5,100.5,35.7c75.8,32.2,133.7,44.5,192.6,49.7\tc23.6,2.1,48.7,3.5,103.4-2.5c54.7-6,106.2-25.6,106.2-25.6V0H0v30.3c0,0,72,32.6,158.4,30.5c39.2-0.7,92.8-6.7,134-22.4\tc21.2-8.1,52.2-18.2,79.7-24.2C399.3,7.9,411.6,7.5,421.9,6.5z\"\/>\n<\/svg>\t\t<\/div>\n\t\t\t\t\t<div class=\"elementor-container elementor-column-gap-default\">\n\t\t\t\t\t<div class=\"elementor-column elementor-col-100 elementor-top-column elementor-element elementor-element-be26f43\" data-id=\"be26f43\" data-element_type=\"column\" data-settings=\"{&quot;background_background&quot;:&quot;classic&quot;}\">\n\t\t\t<div class=\"elementor-widget-wrap elementor-element-populated\">\n\t\t\t\t\t<div class=\"elementor-background-overlay\"><\/div>\n\t\t\t\t\t\t<div class=\"elementor-element elementor-element-1408428 elementor-widget elementor-widget-heading\" data-id=\"1408428\" data-element_type=\"widget\" data-widget_type=\"heading.default\">\n\t\t\t\t<div class=\"elementor-widget-container\">\n\t\t\t<h1 class=\"elementor-heading-title elementor-size-default\">Schreiblust in Traunkirchen Checkout<\/h1>\t\t<\/div>\n\t\t\t\t<\/div>\n\t\t\t\t<section class=\"elementor-section elementor-inner-section elementor-element elementor-element-83380a5 elementor-section-boxed elementor-section-height-default elementor-section-height-default\" data-id=\"83380a5\" data-element_type=\"section\" data-settings=\"{&quot;background_background&quot;:&quot;classic&quot;}\">\n\t\t\t\t\t\t<div class=\"elementor-container elementor-column-gap-default\">\n\t\t\t\t\t<div class=\"elementor-column elementor-col-100 elementor-inner-column elementor-element elementor-element-06e9652\" data-id=\"06e9652\" data-element_type=\"column\" data-settings=\"{&quot;background_background&quot;:&quot;classic&quot;}\">\n\t\t\t<div class=\"elementor-widget-wrap elementor-element-populated\">\n\t\t\t\t\t\t<div class=\"elementor-element elementor-element-d29aa8a animated-fast elementor-invisible elementor-widget elementor-widget-heading\" data-id=\"d29aa8a\" data-element_type=\"widget\" data-settings=\"{&quot;_animation&quot;:&quot;fadeIn&quot;,&quot;_animation_delay&quot;:&quot;350&quot;}\" data-widget_type=\"heading.default\">\n\t\t\t\t<div class=\"elementor-widget-container\">\n\t\t\t<h2 class=\"elementor-heading-title elementor-size-default\">Ein Frauen-Schreib-Verw\u00f6hn-Wochenende der ganz besonderen Art!<\/h2>\t\t<\/div>\n\t\t\t\t<\/div>\n\t\t\t\t<div class=\"elementor-element elementor-element-285ef1f elementor-widget elementor-widget-text-editor\" data-id=\"285ef1f\" data-element_type=\"widget\" data-widget_type=\"text-editor.default\">\n\t\t\t\t<div class=\"elementor-widget-container\">\n\t\t\t\t\t\t\t<p>9. &#8211; 10. M\u00e4rz 2024<\/p>\t\t\t\t\t\t<\/div>\n\t\t\t\t<\/div>\n\t\t\t\t<div class=\"elementor-element elementor-element-37e8fc8 elementor-widget elementor-widget-html\" data-id=\"37e8fc8\" data-element_type=\"widget\" data-widget_type=\"html.default\">\n\t\t\t\t<div class=\"elementor-widget-container\">\n\t\t\t<div data-thrivecart-account=\"thewritingflow\" data-thrivecart-product=\"15\" class=\"thrivecart-embeddable\" data-thrivecart-embeddable=\"tc-thewritingflow-15-WJISY4\"><\/div><script async src=\"\/\/tinder.thrivecart.com\/embed\/v1\/thrivecart.js\" id=\"tc-thewritingflow-15-WJISY4\"><\/script>\t\t<\/div>\n\t\t\t\t<\/div>\n\t\t\t\t\t<\/div>\n\t\t<\/div>\n\t\t\t\t\t<\/div>\n\t\t<\/section>\n\t\t\t\t\t<\/div>\n\t\t<\/div>\n\t\t\t\t\t<\/div>\n\t\t<\/section>\n\t\t\t\t<section class=\"elementor-section elementor-top-section elementor-element elementor-element-41a7c25 elementor-section-boxed elementor-section-height-default elementor-section-height-default\" data-id=\"41a7c25\" data-element_type=\"section\" data-settings=\"{&quot;background_background&quot;:&quot;classic&quot;,&quot;shape_divider_top&quot;:&quot;waves&quot;,&quot;shape_divider_bottom&quot;:&quot;waves&quot;}\">\n\t\t\t\t\t<div class=\"elementor-shape elementor-shape-top\" data-negative=\"false\">\n\t\t\t<svg xmlns=\"http:\/\/www.w3.org\/2000\/svg\" viewbox=\"0 0 1000 100\" preserveaspectratio=\"none\">\n\t<path class=\"elementor-shape-fill\" d=\"M421.9,6.5c22.6-2.5,51.5,0.4,75.5,5.3c23.6,4.9,70.9,23.5,100.5,35.7c75.8,32.2,133.7,44.5,192.6,49.7\tc23.6,2.1,48.7,3.5,103.4-2.5c54.7-6,106.2-25.6,106.2-25.6V0H0v30.3c0,0,72,32.6,158.4,30.5c39.2-0.7,92.8-6.7,134-22.4\tc21.2-8.1,52.2-18.2,79.7-24.2C399.3,7.9,411.6,7.5,421.9,6.5z\"\/>\n<\/svg>\t\t<\/div>\n\t\t\t\t<div class=\"elementor-shape elementor-shape-bottom\" data-negative=\"false\">\n\t\t\t<svg xmlns=\"http:\/\/www.w3.org\/2000\/svg\" viewbox=\"0 0 1000 100\" preserveaspectratio=\"none\">\n\t<path class=\"elementor-shape-fill\" d=\"M421.9,6.5c22.6-2.5,51.5,0.4,75.5,5.3c23.6,4.9,70.9,23.5,100.5,35.7c75.8,32.2,133.7,44.5,192.6,49.7\tc23.6,2.1,48.7,3.5,103.4-2.5c54.7-6,106.2-25.6,106.2-25.6V0H0v30.3c0,0,72,32.6,158.4,30.5c39.2-0.7,92.8-6.7,134-22.4\tc21.2-8.1,52.2-18.2,79.7-24.2C399.3,7.9,411.6,7.5,421.9,6.5z\"\/>\n<\/svg>\t\t<\/div>\n\t\t\t\t\t<div class=\"elementor-container elementor-column-gap-default\">\n\t\t\t\t\t<div class=\"elementor-column elementor-col-50 elementor-top-column elementor-element elementor-element-0751e11\" data-id=\"0751e11\" data-element_type=\"column\">\n\t\t\t<div class=\"elementor-widget-wrap elementor-element-populated\">\n\t\t\t\t\t\t<div class=\"elementor-element elementor-element-99f4fbb elementor-widget elementor-widget-heading\" data-id=\"99f4fbb\" data-element_type=\"widget\" data-widget_type=\"heading.default\">\n\t\t\t\t<div class=\"elementor-widget-container\">\n\t\t\t<h2 class=\"elementor-heading-title elementor-size-default\">Wer steckt hinter dem Writing Flow?\n<\/h2>\t\t<\/div>\n\t\t\t\t<\/div>\n\t\t\t\t<div class=\"elementor-element elementor-element-1ab4850 elementor-widget elementor-widget-text-editor\" data-id=\"1ab4850\" data-element_type=\"widget\" data-widget_type=\"text-editor.default\">\n\t\t\t\t<div class=\"elementor-widget-container\">\n\t\t\t\t\t\t\t<p style=\"font-weight: 400;\">Hallo, ich bin Stefanie! Ich bin Autorin, Schreibtrainerin und Wirtschaftswissenschaftlerin. Ich unterst\u00fctzte vor allem Frauen, die nach Inspiration suchen und sich von ihrem fordernden Alltag ersch\u00f6pft f\u00fchlen, und zeige ihnen, wie sie die transformative Kraft des Schreibens nutzen k\u00f6nnen, um ihre innere Stimme zu st\u00e4rken und ihre Strahlkraft neu zu entfachen.<\/p><p style=\"font-weight: 400;\">Als Karrierefrau und Mutter f\u00fchlte ich mich lange Zeit gefangen in einem goldenen K\u00e4fig aus Leistungsdruck, Verantwortung und hohen Erwartungen an mich selbst. Das intuitive kreative Schreiben ver\u00e4nderte mein Leben vollkommen. Ich bl\u00fchte wieder auf und beschloss, meine Erfahrungen mit anderen Menschen zu teilen. Mein Fokus liegt dabei auf der Nutzung des Schreibens als kraftvolles Werkzeug f\u00fcr Selbstf\u00fcrsorge und pers\u00f6nliche Entfaltung. Mit dem Stift in der Hand bin ich meine eigene Mentorin!<\/p>\t\t\t\t\t\t<\/div>\n\t\t\t\t<\/div>\n\t\t\t\t<div class=\"elementor-element elementor-element-e6e1c0c elementor-align-left elementor-mobile-align-left elementor-widget elementor-widget-button\" data-id=\"e6e1c0c\" data-element_type=\"widget\" data-widget_type=\"button.default\">\n\t\t\t\t<div class=\"elementor-widget-container\">\n\t\t\t\t\t\t\t<div class=\"elementor-button-wrapper\">\n\t\t\t\t\t<a class=\"elementor-button elementor-button-link elementor-size-sm elementor-animation-rotate\" href=\"https:\/\/thewritingflow.com\/en\/about\/\" target=\"_blank\">\n\t\t\t\t\t\t<span class=\"elementor-button-content-wrapper\">\n\t\t\t\t\t\t\t\t\t<span class=\"elementor-button-text\">More about me<\/span>\n\t\t\t\t\t<\/span>\n\t\t\t\t\t<\/a>\n\t\t\t\t<\/div>\n\t\t\t\t\t\t<\/div>\n\t\t\t\t<\/div>\n\t\t\t\t\t<\/div>\n\t\t<\/div>\n\t\t\t\t<div class=\"elementor-column elementor-col-50 elementor-top-column elementor-element elementor-element-95e958d\" data-id=\"95e958d\" data-element_type=\"column\" data-settings=\"{&quot;background_background&quot;:&quot;classic&quot;}\">\n\t\t\t<div class=\"elementor-widget-wrap elementor-element-populated\">\n\t\t\t\t\t\t<div class=\"elementor-element elementor-element-6cf4b83 elementor-widget elementor-widget-spacer\" data-id=\"6cf4b83\" data-element_type=\"widget\" data-widget_type=\"spacer.default\">\n\t\t\t\t<div class=\"elementor-widget-container\">\n\t\t\t\t\t<div class=\"elementor-spacer\">\n\t\t\t<div class=\"elementor-spacer-inner\"><\/div>\n\t\t<\/div>\n\t\t\t\t<\/div>\n\t\t\t\t<\/div>\n\t\t\t\t\t<\/div>\n\t\t<\/div>\n\t\t\t\t\t<\/div>\n\t\t<\/section>\n\t\t\t\t<\/div>","protected":false},"excerpt":{"rendered":"<p>Ein Frauen-Schreib-Verw\u00f6hn-Wochenende der ganz besonderen Art! 9. &#8211; 10. M\u00e4rz 2024 Wer steckt hinter dem Writing Flow? Hallo, ich bin Stefanie! Ich bin Autorin, Schreibtrainerin und Wirtschaftswissenschaftlerin. Ich unterst\u00fctzte vor allem Frauen, die nach Inspiration suchen und sich von ihrem fordernden Alltag ersch\u00f6pft f\u00fchlen, und zeige ihnen, wie sie die transformative Kraft des Schreibens nutzen [&hellip;]<\/p>","protected":false},"author":1,"featured_media":815,"parent":7063,"menu_order":0,"comment_status":"closed","ping_status":"closed","template":"elementor_header_footer","meta":{"footnotes":""},"class_list":["post-3159","page","type-page","status-publish","has-post-thumbnail","hentry"],"yoast_head":"<!-- This site is optimized with the Yoast SEO plugin v23.7 - https:\/\/yoast.com\/wordpress\/plugins\/seo\/ -->\n<title>Schreiblust in Traunkirchen Checkout - The Writing Flow<\/title>\n<meta name=\"robots\" content=\"index, follow, max-snippet:-1, max-image-preview:large, max-video-preview:-1\" \/>\n<link rel=\"canonical\" href=\"https:\/\/thewritingflow.com\/en\/schreib-mit-mir\/schreiblust-in-traunkirchen-checkout\/\" \/>\n<meta property=\"og:locale\" content=\"en_GB\" \/>\n<meta property=\"og:type\" content=\"article\" \/>\n<meta property=\"og:title\" content=\"Schreiblust in Traunkirchen Checkout - The Writing Flow\" \/>\n<meta property=\"og:description\" content=\"Ein Frauen-Schreib-Verw\u00f6hn-Wochenende der ganz besonderen Art! 9. &#8211; 10. M\u00e4rz 2024 Wer steckt hinter dem Writing Flow? Hallo, ich bin Stefanie! Ich bin Autorin, Schreibtrainerin und Wirtschaftswissenschaftlerin. Ich unterst\u00fctzte vor allem Frauen, die nach Inspiration suchen und sich von ihrem fordernden Alltag ersch\u00f6pft f\u00fchlen, und zeige ihnen, wie sie die transformative Kraft des Schreibens nutzen [&hellip;]\" \/>\n<meta property=\"og:url\" content=\"https:\/\/thewritingflow.com\/en\/schreib-mit-mir\/schreiblust-in-traunkirchen-checkout\/\" \/>\n<meta property=\"og:site_name\" content=\"The Writing Flow\" \/>\n<meta property=\"article:publisher\" content=\"https:\/\/www.facebook.com\/thewritingflow.stefanie\" \/>\n<meta property=\"article:modified_time\" content=\"2024-07-03T09:30:52+00:00\" \/>\n<meta property=\"og:image\" content=\"https:\/\/thewritingflow.com\/wp-content\/uploads\/2022\/06\/Steffie_Bellevue_5.jpg\" \/>\n\t<meta property=\"og:image:width\" content=\"2001\" \/>\n\t<meta property=\"og:image:height\" content=\"1336\" \/>\n\t<meta property=\"og:image:type\" content=\"image\/jpeg\" \/>\n<meta name=\"twitter:card\" content=\"summary_large_image\" \/>\n<meta name=\"twitter:label1\" content=\"Estimated reading time\" \/>\n\t<meta name=\"twitter:data1\" content=\"1 minute\" \/>\n<script type=\"application\/ld+json\" class=\"yoast-schema-graph\">{\"@context\":\"https:\/\/schema.org\",\"@graph\":[{\"@type\":\"WebPage\",\"@id\":\"https:\/\/thewritingflow.com\/schreib-mit-mir\/schreiblust-in-traunkirchen-checkout\/\",\"url\":\"https:\/\/thewritingflow.com\/schreib-mit-mir\/schreiblust-in-traunkirchen-checkout\/\",\"name\":\"Schreiblust in Traunkirchen Checkout - The Writing Flow\",\"isPartOf\":{\"@id\":\"https:\/\/thewritingflow.com\/#website\"},\"primaryImageOfPage\":{\"@id\":\"https:\/\/thewritingflow.com\/schreib-mit-mir\/schreiblust-in-traunkirchen-checkout\/#primaryimage\"},\"image\":{\"@id\":\"https:\/\/thewritingflow.com\/schreib-mit-mir\/schreiblust-in-traunkirchen-checkout\/#primaryimage\"},\"thumbnailUrl\":\"https:\/\/thewritingflow.com\/wp-content\/uploads\/2022\/06\/Steffie_Bellevue_5.jpg\",\"datePublished\":\"2022-06-29T13:30:06+00:00\",\"dateModified\":\"2024-07-03T09:30:52+00:00\",\"breadcrumb\":{\"@id\":\"https:\/\/thewritingflow.com\/schreib-mit-mir\/schreiblust-in-traunkirchen-checkout\/#breadcrumb\"},\"inLanguage\":\"en-GB\",\"potentialAction\":[{\"@type\":\"ReadAction\",\"target\":[\"https:\/\/thewritingflow.com\/schreib-mit-mir\/schreiblust-in-traunkirchen-checkout\/\"]}]},{\"@type\":\"ImageObject\",\"inLanguage\":\"en-GB\",\"@id\":\"https:\/\/thewritingflow.com\/schreib-mit-mir\/schreiblust-in-traunkirchen-checkout\/#primaryimage\",\"url\":\"https:\/\/thewritingflow.com\/wp-content\/uploads\/2022\/06\/Steffie_Bellevue_5.jpg\",\"contentUrl\":\"https:\/\/thewritingflow.com\/wp-content\/uploads\/2022\/06\/Steffie_Bellevue_5.jpg\",\"width\":2001,\"height\":1336},{\"@type\":\"BreadcrumbList\",\"@id\":\"https:\/\/thewritingflow.com\/schreib-mit-mir\/schreiblust-in-traunkirchen-checkout\/#breadcrumb\",\"itemListElement\":[{\"@type\":\"ListItem\",\"position\":1,\"name\":\"Home\",\"item\":\"https:\/\/thewritingflow.com\/\"},{\"@type\":\"ListItem\",\"position\":2,\"name\":\"Schreib mit mir\",\"item\":\"https:\/\/thewritingflow.com\/schreib-mit-mir\/\"},{\"@type\":\"ListItem\",\"position\":3,\"name\":\"Schreiblust in Traunkirchen Checkout\"}]},{\"@type\":\"WebSite\",\"@id\":\"https:\/\/thewritingflow.com\/#website\",\"url\":\"https:\/\/thewritingflow.com\/\",\"name\":\"The Writing Flow\",\"description\":\"Writing coach who can relate to women\u2019s need for voice and self-care\",\"publisher\":{\"@id\":\"https:\/\/thewritingflow.com\/#\/schema\/person\/bb898c90cce197ab8fb4ad181037a21b\"},\"potentialAction\":[{\"@type\":\"SearchAction\",\"target\":{\"@type\":\"EntryPoint\",\"urlTemplate\":\"https:\/\/thewritingflow.com\/?s={search_term_string}\"},\"query-input\":{\"@type\":\"PropertyValueSpecification\",\"valueRequired\":true,\"valueName\":\"search_term_string\"}}],\"inLanguage\":\"en-GB\"},{\"@type\":[\"Person\",\"Organization\"],\"@id\":\"https:\/\/thewritingflow.com\/#\/schema\/person\/bb898c90cce197ab8fb4ad181037a21b\",\"name\":\"Stefanie\",\"image\":{\"@type\":\"ImageObject\",\"inLanguage\":\"en-GB\",\"@id\":\"https:\/\/thewritingflow.com\/#\/schema\/person\/image\/\",\"url\":\"https:\/\/thewritingflow.com\/wp-content\/uploads\/2022\/06\/Steffie_19.jpg\",\"contentUrl\":\"https:\/\/thewritingflow.com\/wp-content\/uploads\/2022\/06\/Steffie_19.jpg\",\"width\":1336,\"height\":2001,\"caption\":\"Stefanie\"},\"logo\":{\"@id\":\"https:\/\/thewritingflow.com\/#\/schema\/person\/image\/\"},\"sameAs\":[\"https:\/\/www.facebook.com\/thewritingflow.stefanie\",\"https:\/\/www.instagram.com\/thewritingflow.stefanie\/\",\"https:\/\/www.linkedin.com\/in\/stefaniebrodmann\/\"]}]}<\/script>\n<!-- \/ Yoast SEO plugin. -->","yoast_head_json":{"title":"Schreiblust in Traunkirchen Checkout - The Writing Flow","robots":{"index":"index","follow":"follow","max-snippet":"max-snippet:-1","max-image-preview":"max-image-preview:large","max-video-preview":"max-video-preview:-1"},"canonical":"https:\/\/thewritingflow.com\/en\/schreib-mit-mir\/schreiblust-in-traunkirchen-checkout\/","og_locale":"en_GB","og_type":"article","og_title":"Schreiblust in Traunkirchen Checkout - The Writing Flow","og_description":"Ein Frauen-Schreib-Verw\u00f6hn-Wochenende der ganz besonderen Art! 9. &#8211; 10. M\u00e4rz 2024 Wer steckt hinter dem Writing Flow? Hallo, ich bin Stefanie! Ich bin Autorin, Schreibtrainerin und Wirtschaftswissenschaftlerin. Ich unterst\u00fctzte vor allem Frauen, die nach Inspiration suchen und sich von ihrem fordernden Alltag ersch\u00f6pft f\u00fchlen, und zeige ihnen, wie sie die transformative Kraft des Schreibens nutzen [&hellip;]","og_url":"https:\/\/thewritingflow.com\/en\/schreib-mit-mir\/schreiblust-in-traunkirchen-checkout\/","og_site_name":"The Writing Flow","article_publisher":"https:\/\/www.facebook.com\/thewritingflow.stefanie","article_modified_time":"2024-07-03T09:30:52+00:00","og_image":[{"width":2001,"height":1336,"url":"https:\/\/thewritingflow.com\/wp-content\/uploads\/2022\/06\/Steffie_Bellevue_5.jpg","type":"image\/jpeg"}],"twitter_card":"summary_large_image","twitter_misc":{"Estimated reading time":"1 minute"},"schema":{"@context":"https:\/\/schema.org","@graph":[{"@type":"WebPage","@id":"https:\/\/thewritingflow.com\/schreib-mit-mir\/schreiblust-in-traunkirchen-checkout\/","url":"https:\/\/thewritingflow.com\/schreib-mit-mir\/schreiblust-in-traunkirchen-checkout\/","name":"Schreiblust in Traunkirchen Checkout - The Writing Flow","isPartOf":{"@id":"https:\/\/thewritingflow.com\/#website"},"primaryImageOfPage":{"@id":"https:\/\/thewritingflow.com\/schreib-mit-mir\/schreiblust-in-traunkirchen-checkout\/#primaryimage"},"image":{"@id":"https:\/\/thewritingflow.com\/schreib-mit-mir\/schreiblust-in-traunkirchen-checkout\/#primaryimage"},"thumbnailUrl":"https:\/\/thewritingflow.com\/wp-content\/uploads\/2022\/06\/Steffie_Bellevue_5.jpg","datePublished":"2022-06-29T13:30:06+00:00","dateModified":"2024-07-03T09:30:52+00:00","breadcrumb":{"@id":"https:\/\/thewritingflow.com\/schreib-mit-mir\/schreiblust-in-traunkirchen-checkout\/#breadcrumb"},"inLanguage":"en-GB","potentialAction":[{"@type":"ReadAction","target":["https:\/\/thewritingflow.com\/schreib-mit-mir\/schreiblust-in-traunkirchen-checkout\/"]}]},{"@type":"ImageObject","inLanguage":"en-GB","@id":"https:\/\/thewritingflow.com\/schreib-mit-mir\/schreiblust-in-traunkirchen-checkout\/#primaryimage","url":"https:\/\/thewritingflow.com\/wp-content\/uploads\/2022\/06\/Steffie_Bellevue_5.jpg","contentUrl":"https:\/\/thewritingflow.com\/wp-content\/uploads\/2022\/06\/Steffie_Bellevue_5.jpg","width":2001,"height":1336},{"@type":"BreadcrumbList","@id":"https:\/\/thewritingflow.com\/schreib-mit-mir\/schreiblust-in-traunkirchen-checkout\/#breadcrumb","itemListElement":[{"@type":"ListItem","position":1,"name":"Home","item":"https:\/\/thewritingflow.com\/"},{"@type":"ListItem","position":2,"name":"Schreib mit mir","item":"https:\/\/thewritingflow.com\/schreib-mit-mir\/"},{"@type":"ListItem","position":3,"name":"Schreiblust in Traunkirchen Checkout"}]},{"@type":"WebSite","@id":"https:\/\/thewritingflow.com\/#website","url":"https:\/\/thewritingflow.com\/","name":"The Writing Flow","description":"Writing coach who can relate to women\u2019s need for voice and self-care","publisher":{"@id":"https:\/\/thewritingflow.com\/#\/schema\/person\/bb898c90cce197ab8fb4ad181037a21b"},"potentialAction":[{"@type":"SearchAction","target":{"@type":"EntryPoint","urlTemplate":"https:\/\/thewritingflow.com\/?s={search_term_string}"},"query-input":{"@type":"PropertyValueSpecification","valueRequired":true,"valueName":"search_term_string"}}],"inLanguage":"en-GB"},{"@type":["Person","Organization"],"@id":"https:\/\/thewritingflow.com\/#\/schema\/person\/bb898c90cce197ab8fb4ad181037a21b","name":"Stefanie","image":{"@type":"ImageObject","inLanguage":"en-GB","@id":"https:\/\/thewritingflow.com\/#\/schema\/person\/image\/","url":"https:\/\/thewritingflow.com\/wp-content\/uploads\/2022\/06\/Steffie_19.jpg","contentUrl":"https:\/\/thewritingflow.com\/wp-content\/uploads\/2022\/06\/Steffie_19.jpg","width":1336,"height":2001,"caption":"Stefanie"},"logo":{"@id":"https:\/\/thewritingflow.com\/#\/schema\/person\/image\/"},"sameAs":["https:\/\/www.facebook.com\/thewritingflow.stefanie","https:\/\/www.instagram.com\/thewritingflow.stefanie\/","https:\/\/www.linkedin.com\/in\/stefaniebrodmann\/"]}]}},"_links":{"self":[{"href":"https:\/\/thewritingflow.com\/en\/wp-json\/wp\/v2\/pages\/3159"}],"collection":[{"href":"https:\/\/thewritingflow.com\/en\/wp-json\/wp\/v2\/pages"}],"about":[{"href":"https:\/\/thewritingflow.com\/en\/wp-json\/wp\/v2\/types\/page"}],"author":[{"embeddable":true,"href":"https:\/\/thewritingflow.com\/en\/wp-json\/wp\/v2\/users\/1"}],"replies":[{"embeddable":true,"href":"https:\/\/thewritingflow.com\/en\/wp-json\/wp\/v2\/comments?post=3159"}],"version-history":[{"count":1,"href":"https:\/\/thewritingflow.com\/en\/wp-json\/wp\/v2\/pages\/3159\/revisions"}],"predecessor-version":[{"id":10963,"href":"https:\/\/thewritingflow.com\/en\/wp-json\/wp\/v2\/pages\/3159\/revisions\/10963"}],"up":[{"embeddable":true,"href":"https:\/\/thewritingflow.com\/en\/wp-json\/wp\/v2\/pages\/7063"}],"wp:featuredmedia":[{"embeddable":true,"href":"https:\/\/thewritingflow.com\/en\/wp-json\/wp\/v2\/media\/815"}],"wp:attachment":[{"href":"https:\/\/thewritingflow.com\/en\/wp-json\/wp\/v2\/media?parent=3159"}],"curies":[{"name":"wp","href":"https:\/\/api.w.org\/{rel}","templated":true}]}}