{"id":5931,"date":"2023-11-27T15:53:10","date_gmt":"2023-11-27T14:53:10","guid":{"rendered":"https:\/\/thewritingflow.com\/?page_id=5931"},"modified":"2024-07-03T11:14:23","modified_gmt":"2024-07-03T09:14:23","slug":"free-5-days-writing-prompts","status":"publish","type":"page","link":"https:\/\/thewritingflow.com\/en\/schreib-mit-mir\/free-5-days-writing-prompts\/","title":{"rendered":"5-Tage-Creativity-Boost Schreibimpulse"},"content":{"rendered":"<div data-elementor-type=\"wp-page\" data-elementor-id=\"5931\" class=\"elementor elementor-5931\" data-elementor-post-type=\"page\">\n\t\t\t\t\t\t<section class=\"elementor-section elementor-top-section elementor-element elementor-element-61626bc elementor-section-boxed elementor-section-height-default elementor-section-height-default\" data-id=\"61626bc\" data-element_type=\"section\" data-settings=\"{&quot;background_background&quot;:&quot;classic&quot;,&quot;shape_divider_bottom&quot;:&quot;waves&quot;}\">\n\t\t\t\t\t\t\t<div class=\"elementor-background-overlay\"><\/div>\n\t\t\t\t\t\t<div class=\"elementor-shape elementor-shape-bottom\" data-negative=\"false\">\n\t\t\t<svg xmlns=\"http:\/\/www.w3.org\/2000\/svg\" viewbox=\"0 0 1000 100\" preserveaspectratio=\"none\">\n\t<path class=\"elementor-shape-fill\" d=\"M421.9,6.5c22.6-2.5,51.5,0.4,75.5,5.3c23.6,4.9,70.9,23.5,100.5,35.7c75.8,32.2,133.7,44.5,192.6,49.7\tc23.6,2.1,48.7,3.5,103.4-2.5c54.7-6,106.2-25.6,106.2-25.6V0H0v30.3c0,0,72,32.6,158.4,30.5c39.2-0.7,92.8-6.7,134-22.4\tc21.2-8.1,52.2-18.2,79.7-24.2C399.3,7.9,411.6,7.5,421.9,6.5z\"\/>\n<\/svg>\t\t<\/div>\n\t\t\t\t\t<div class=\"elementor-container elementor-column-gap-default\">\n\t\t\t\t\t<div class=\"elementor-column elementor-col-100 elementor-top-column elementor-element elementor-element-79376b1\" data-id=\"79376b1\" data-element_type=\"column\" data-settings=\"{&quot;background_background&quot;:&quot;classic&quot;}\">\n\t\t\t<div class=\"elementor-widget-wrap elementor-element-populated\">\n\t\t\t\t\t<div class=\"elementor-background-overlay\"><\/div>\n\t\t\t\t\t\t<div class=\"elementor-element elementor-element-5426ffc elementor-widget elementor-widget-image\" data-id=\"5426ffc\" data-element_type=\"widget\" data-widget_type=\"image.default\">\n\t\t\t\t<div class=\"elementor-widget-container\">\n\t\t\t\t\t\t\t\t\t\t\t\t\t<img fetchpriority=\"high\" decoding=\"async\" width=\"224\" height=\"297\" src=\"https:\/\/thewritingflow.com\/wp-content\/uploads\/2022\/04\/Favicon_loewenzahn_TheWritingflow.svg\" class=\"attachment-large size-large wp-image-20\" alt=\"Favicon_loewenzahn_TheWritingflow\" \/>\t\t\t\t\t\t\t\t\t\t\t\t\t<\/div>\n\t\t\t\t<\/div>\n\t\t\t\t<section class=\"elementor-section elementor-inner-section elementor-element elementor-element-5f9c647 elementor-section-content-middle elementor-section-boxed elementor-section-height-default elementor-section-height-default\" data-id=\"5f9c647\" data-element_type=\"section\" data-settings=\"{&quot;background_background&quot;:&quot;classic&quot;}\">\n\t\t\t\t\t\t<div class=\"elementor-container elementor-column-gap-default\">\n\t\t\t\t\t<div class=\"elementor-column elementor-col-50 elementor-inner-column elementor-element elementor-element-d406453\" data-id=\"d406453\" data-element_type=\"column\">\n\t\t\t<div class=\"elementor-widget-wrap elementor-element-populated\">\n\t\t\t\t\t\t<div class=\"elementor-element elementor-element-f1aa1ad elementor-widget elementor-widget-heading\" data-id=\"f1aa1ad\" data-element_type=\"widget\" data-widget_type=\"heading.default\">\n\t\t\t\t<div class=\"elementor-widget-container\">\n\t\t\t<h2 class=\"elementor-heading-title elementor-size-default\">Unleash your creativity: <br> 5-Day-CREATIVITY-BOOST-Writing Prompts\n<\/h2>\t\t<\/div>\n\t\t\t\t<\/div>\n\t\t\t\t<div class=\"elementor-element elementor-element-a4af8f7 elementor-widget elementor-widget-text-editor\" data-id=\"a4af8f7\" data-element_type=\"widget\" data-widget_type=\"text-editor.default\">\n\t\t\t\t<div class=\"elementor-widget-container\">\n\t\t\t\t\t\t\t<div class=\"flex-shrink-0 flex flex-col relative items-end\"><div class=\"flex-shrink-0 flex flex-col relative items-end\"><div>Entfache deine Kreativit\u00e4t in nur 15 Minuten t\u00e4glich! Nach 5 Tagen wirst du nicht nur 5 inspirierende Texte geschrieben haben, sondern auch die Leichtigkeit und die Kraft des Schreibens selbst erfahren haben.\u00a0<\/div><\/div><div class=\"relative flex w-full flex-col lg:w-[calc(100%-115px)] agent-turn\"><div class=\"flex-col gap-1 md:gap-3\"><div class=\"flex flex-grow flex-col max-w-full\"><div class=\"min-h-[20px] text-message flex flex-col items-start gap-3 whitespace-pre-wrap break-words [.text-message+&amp;]:mt-5 overflow-x-auto\" data-message-author-role=\"assistant\" data-message-id=\"8182a1fe-f620-4045-866d-5cfa81951460\"><div class=\"flex-shrink-0 flex flex-col relative items-end\"><div class=\"pt-0.5\"><div class=\"gizmo-shadow-stroke flex h-6 w-6 items-center justify-center overflow-hidden rounded-full\"><div>\u00a0<\/div><div class=\"relative p-1 rounded-sm h-9 w-9 text-white flex items-center justify-center\">Melde dich f\u00fcr meinen Storyletter an und ich schenke dir das Creativity-Boost-Paket mit 5 inspirierenden Schreibimpulsen, die Schmetterlinge in deinem Bauch flattern lassen und deine innere Stimme befl\u00fcgeln werden.<\/div><\/div><\/div><\/div><\/div><\/div><\/div><\/div><\/div>\t\t\t\t\t\t<\/div>\n\t\t\t\t<\/div>\n\t\t\t\t<div class=\"elementor-element elementor-element-9de4c7f elementor-widget elementor-widget-html\" data-id=\"9de4c7f\" data-element_type=\"widget\" data-no-translation=\"\" data-widget_type=\"html.default\">\n\t\t\t\t<div class=\"elementor-widget-container\">\n\t\t\t<script async data-uid=\"b5111b3687\" src=\"https:\/\/marvelous-writer-4512.ck.page\/b5111b3687\/index.js\"><\/script>\t\t<\/div>\n\t\t\t\t<\/div>\n\t\t\t\t<div class=\"elementor-element elementor-element-a23ec94 elementor-widget elementor-widget-html\" data-id=\"a23ec94\" data-element_type=\"widget\" data-no-translation=\"\" data-widget_type=\"html.default\">\n\t\t\t\t<div class=\"elementor-widget-container\">\n\t\t\t<style>.elementor-element-a23ec94{display:none !important}<\/style>\t\t<\/div>\n\t\t\t\t<\/div>\n\t\t\t\t\t<\/div>\n\t\t<\/div>\n\t\t\t\t<div class=\"elementor-column elementor-col-50 elementor-inner-column elementor-element elementor-element-03bab11\" data-id=\"03bab11\" data-element_type=\"column\" data-settings=\"{&quot;background_background&quot;:&quot;classic&quot;}\">\n\t\t\t<div class=\"elementor-widget-wrap elementor-element-populated\">\n\t\t\t\t\t\t<div class=\"elementor-element elementor-element-9519a48 elementor-widget elementor-widget-spacer\" data-id=\"9519a48\" data-element_type=\"widget\" data-widget_type=\"spacer.default\">\n\t\t\t\t<div class=\"elementor-widget-container\">\n\t\t\t\t\t<div class=\"elementor-spacer\">\n\t\t\t<div class=\"elementor-spacer-inner\"><\/div>\n\t\t<\/div>\n\t\t\t\t<\/div>\n\t\t\t\t<\/div>\n\t\t\t\t\t<\/div>\n\t\t<\/div>\n\t\t\t\t\t<\/div>\n\t\t<\/section>\n\t\t\t\t\t<\/div>\n\t\t<\/div>\n\t\t\t\t\t<\/div>\n\t\t<\/section>\n\t\t\t\t<\/div>","protected":false},"excerpt":{"rendered":"<p>Entfessele deine Kreativit\u00e4t: 5-Tage-CREATIVITY-BOOST-Schreibimpulse Entfache deine Kreativit\u00e4t in nur 15 Minuten t\u00e4glich! Nach 5 Tagen wirst du nicht nur 5 inspirierende Texte geschrieben haben, sondern auch die Leichtigkeit und die Kraft des Schreibens selbst erfahren haben.\u00a0\u00a0Melde dich f\u00fcr meinen Storyletter an und ich schenke dir das Creativity-Boost-Paket mit 5 inspirierenden Schreibimpulsen, die Schmetterlinge in deinem [&hellip;]<\/p>","protected":false},"author":2,"featured_media":337,"parent":7063,"menu_order":0,"comment_status":"closed","ping_status":"closed","template":"elementor_header_footer","meta":{"footnotes":""},"class_list":["post-5931","page","type-page","status-publish","has-post-thumbnail","hentry"],"yoast_head":"<!-- This site is optimized with the Yoast SEO plugin v23.7 - https:\/\/yoast.com\/wordpress\/plugins\/seo\/ -->\n<title>5-Tage-Creativity-Boost Schreibimpulse - The Writing Flow<\/title>\n<meta name=\"robots\" content=\"index, follow, max-snippet:-1, max-image-preview:large, max-video-preview:-1\" \/>\n<link rel=\"canonical\" href=\"https:\/\/thewritingflow.com\/en\/schreib-mit-mir\/free-5-days-writing-prompts\/\" \/>\n<meta property=\"og:locale\" content=\"en_GB\" \/>\n<meta property=\"og:type\" content=\"article\" \/>\n<meta property=\"og:title\" content=\"5-Tage-Creativity-Boost Schreibimpulse - The Writing Flow\" \/>\n<meta property=\"og:description\" content=\"Entfessele deine Kreativit\u00e4t: 5-Tage-CREATIVITY-BOOST-Schreibimpulse Entfache deine Kreativit\u00e4t in nur 15 Minuten t\u00e4glich! Nach 5 Tagen wirst du nicht nur 5 inspirierende Texte geschrieben haben, sondern auch die Leichtigkeit und die Kraft des Schreibens selbst erfahren haben.\u00a0\u00a0Melde dich f\u00fcr meinen Storyletter an und ich schenke dir das Creativity-Boost-Paket mit 5 inspirierenden Schreibimpulsen, die Schmetterlinge in deinem [&hellip;]\" \/>\n<meta property=\"og:url\" content=\"https:\/\/thewritingflow.com\/en\/schreib-mit-mir\/free-5-days-writing-prompts\/\" \/>\n<meta property=\"og:site_name\" content=\"The Writing Flow\" \/>\n<meta property=\"article:publisher\" content=\"https:\/\/www.facebook.com\/thewritingflow.stefanie\" \/>\n<meta property=\"article:modified_time\" content=\"2024-07-03T09:14:23+00:00\" \/>\n<meta property=\"og:image\" content=\"https:\/\/thewritingflow.com\/wp-content\/uploads\/2022\/06\/Steffie_16.jpg\" \/>\n\t<meta property=\"og:image:width\" content=\"1336\" \/>\n\t<meta property=\"og:image:height\" content=\"2001\" \/>\n\t<meta property=\"og:image:type\" content=\"image\/jpeg\" \/>\n<meta name=\"twitter:card\" content=\"summary_large_image\" \/>\n<meta name=\"twitter:label1\" content=\"Estimated reading time\" \/>\n\t<meta name=\"twitter:data1\" content=\"1 minute\" \/>\n<script type=\"application\/ld+json\" class=\"yoast-schema-graph\">{\"@context\":\"https:\/\/schema.org\",\"@graph\":[{\"@type\":\"WebPage\",\"@id\":\"https:\/\/thewritingflow.com\/schreib-mit-mir\/free-5-days-writing-prompts\/\",\"url\":\"https:\/\/thewritingflow.com\/schreib-mit-mir\/free-5-days-writing-prompts\/\",\"name\":\"5-Tage-Creativity-Boost Schreibimpulse - The Writing Flow\",\"isPartOf\":{\"@id\":\"https:\/\/thewritingflow.com\/#website\"},\"primaryImageOfPage\":{\"@id\":\"https:\/\/thewritingflow.com\/schreib-mit-mir\/free-5-days-writing-prompts\/#primaryimage\"},\"image\":{\"@id\":\"https:\/\/thewritingflow.com\/schreib-mit-mir\/free-5-days-writing-prompts\/#primaryimage\"},\"thumbnailUrl\":\"https:\/\/thewritingflow.com\/wp-content\/uploads\/2022\/06\/Steffie_16.jpg\",\"datePublished\":\"2023-11-27T14:53:10+00:00\",\"dateModified\":\"2024-07-03T09:14:23+00:00\",\"breadcrumb\":{\"@id\":\"https:\/\/thewritingflow.com\/schreib-mit-mir\/free-5-days-writing-prompts\/#breadcrumb\"},\"inLanguage\":\"en-GB\",\"potentialAction\":[{\"@type\":\"ReadAction\",\"target\":[\"https:\/\/thewritingflow.com\/schreib-mit-mir\/free-5-days-writing-prompts\/\"]}]},{\"@type\":\"ImageObject\",\"inLanguage\":\"en-GB\",\"@id\":\"https:\/\/thewritingflow.com\/schreib-mit-mir\/free-5-days-writing-prompts\/#primaryimage\",\"url\":\"https:\/\/thewritingflow.com\/wp-content\/uploads\/2022\/06\/Steffie_16.jpg\",\"contentUrl\":\"https:\/\/thewritingflow.com\/wp-content\/uploads\/2022\/06\/Steffie_16.jpg\",\"width\":1336,\"height\":2001},{\"@type\":\"BreadcrumbList\",\"@id\":\"https:\/\/thewritingflow.com\/schreib-mit-mir\/free-5-days-writing-prompts\/#breadcrumb\",\"itemListElement\":[{\"@type\":\"ListItem\",\"position\":1,\"name\":\"Home\",\"item\":\"https:\/\/thewritingflow.com\/\"},{\"@type\":\"ListItem\",\"position\":2,\"name\":\"Schreib mit mir\",\"item\":\"https:\/\/thewritingflow.com\/schreib-mit-mir\/\"},{\"@type\":\"ListItem\",\"position\":3,\"name\":\"5-Tage-Creativity-Boost Schreibimpulse\"}]},{\"@type\":\"WebSite\",\"@id\":\"https:\/\/thewritingflow.com\/#website\",\"url\":\"https:\/\/thewritingflow.com\/\",\"name\":\"The Writing Flow\",\"description\":\"Writing coach who can relate to women\u2019s need for voice and self-care\",\"publisher\":{\"@id\":\"https:\/\/thewritingflow.com\/#\/schema\/person\/bb898c90cce197ab8fb4ad181037a21b\"},\"potentialAction\":[{\"@type\":\"SearchAction\",\"target\":{\"@type\":\"EntryPoint\",\"urlTemplate\":\"https:\/\/thewritingflow.com\/?s={search_term_string}\"},\"query-input\":{\"@type\":\"PropertyValueSpecification\",\"valueRequired\":true,\"valueName\":\"search_term_string\"}}],\"inLanguage\":\"en-GB\"},{\"@type\":[\"Person\",\"Organization\"],\"@id\":\"https:\/\/thewritingflow.com\/#\/schema\/person\/bb898c90cce197ab8fb4ad181037a21b\",\"name\":\"Stefanie\",\"image\":{\"@type\":\"ImageObject\",\"inLanguage\":\"en-GB\",\"@id\":\"https:\/\/thewritingflow.com\/#\/schema\/person\/image\/\",\"url\":\"https:\/\/thewritingflow.com\/wp-content\/uploads\/2022\/06\/Steffie_19.jpg\",\"contentUrl\":\"https:\/\/thewritingflow.com\/wp-content\/uploads\/2022\/06\/Steffie_19.jpg\",\"width\":1336,\"height\":2001,\"caption\":\"Stefanie\"},\"logo\":{\"@id\":\"https:\/\/thewritingflow.com\/#\/schema\/person\/image\/\"},\"sameAs\":[\"https:\/\/www.facebook.com\/thewritingflow.stefanie\",\"https:\/\/www.instagram.com\/thewritingflow.stefanie\/\",\"https:\/\/www.linkedin.com\/in\/stefaniebrodmann\/\"]}]}<\/script>\n<!-- \/ Yoast SEO plugin. -->","yoast_head_json":{"title":"5-Tage-Creativity-Boost Schreibimpulse - The Writing Flow","robots":{"index":"index","follow":"follow","max-snippet":"max-snippet:-1","max-image-preview":"max-image-preview:large","max-video-preview":"max-video-preview:-1"},"canonical":"https:\/\/thewritingflow.com\/en\/schreib-mit-mir\/free-5-days-writing-prompts\/","og_locale":"en_GB","og_type":"article","og_title":"5-Tage-Creativity-Boost Schreibimpulse - The Writing Flow","og_description":"Entfessele deine Kreativit\u00e4t: 5-Tage-CREATIVITY-BOOST-Schreibimpulse Entfache deine Kreativit\u00e4t in nur 15 Minuten t\u00e4glich! Nach 5 Tagen wirst du nicht nur 5 inspirierende Texte geschrieben haben, sondern auch die Leichtigkeit und die Kraft des Schreibens selbst erfahren haben.\u00a0\u00a0Melde dich f\u00fcr meinen Storyletter an und ich schenke dir das Creativity-Boost-Paket mit 5 inspirierenden Schreibimpulsen, die Schmetterlinge in deinem [&hellip;]","og_url":"https:\/\/thewritingflow.com\/en\/schreib-mit-mir\/free-5-days-writing-prompts\/","og_site_name":"The Writing Flow","article_publisher":"https:\/\/www.facebook.com\/thewritingflow.stefanie","article_modified_time":"2024-07-03T09:14:23+00:00","og_image":[{"width":1336,"height":2001,"url":"https:\/\/thewritingflow.com\/wp-content\/uploads\/2022\/06\/Steffie_16.jpg","type":"image\/jpeg"}],"twitter_card":"summary_large_image","twitter_misc":{"Estimated reading time":"1 minute"},"schema":{"@context":"https:\/\/schema.org","@graph":[{"@type":"WebPage","@id":"https:\/\/thewritingflow.com\/schreib-mit-mir\/free-5-days-writing-prompts\/","url":"https:\/\/thewritingflow.com\/schreib-mit-mir\/free-5-days-writing-prompts\/","name":"5-Tage-Creativity-Boost Schreibimpulse - The Writing Flow","isPartOf":{"@id":"https:\/\/thewritingflow.com\/#website"},"primaryImageOfPage":{"@id":"https:\/\/thewritingflow.com\/schreib-mit-mir\/free-5-days-writing-prompts\/#primaryimage"},"image":{"@id":"https:\/\/thewritingflow.com\/schreib-mit-mir\/free-5-days-writing-prompts\/#primaryimage"},"thumbnailUrl":"https:\/\/thewritingflow.com\/wp-content\/uploads\/2022\/06\/Steffie_16.jpg","datePublished":"2023-11-27T14:53:10+00:00","dateModified":"2024-07-03T09:14:23+00:00","breadcrumb":{"@id":"https:\/\/thewritingflow.com\/schreib-mit-mir\/free-5-days-writing-prompts\/#breadcrumb"},"inLanguage":"en-GB","potentialAction":[{"@type":"ReadAction","target":["https:\/\/thewritingflow.com\/schreib-mit-mir\/free-5-days-writing-prompts\/"]}]},{"@type":"ImageObject","inLanguage":"en-GB","@id":"https:\/\/thewritingflow.com\/schreib-mit-mir\/free-5-days-writing-prompts\/#primaryimage","url":"https:\/\/thewritingflow.com\/wp-content\/uploads\/2022\/06\/Steffie_16.jpg","contentUrl":"https:\/\/thewritingflow.com\/wp-content\/uploads\/2022\/06\/Steffie_16.jpg","width":1336,"height":2001},{"@type":"BreadcrumbList","@id":"https:\/\/thewritingflow.com\/schreib-mit-mir\/free-5-days-writing-prompts\/#breadcrumb","itemListElement":[{"@type":"ListItem","position":1,"name":"Home","item":"https:\/\/thewritingflow.com\/"},{"@type":"ListItem","position":2,"name":"Schreib mit mir","item":"https:\/\/thewritingflow.com\/schreib-mit-mir\/"},{"@type":"ListItem","position":3,"name":"5-Tage-Creativity-Boost Schreibimpulse"}]},{"@type":"WebSite","@id":"https:\/\/thewritingflow.com\/#website","url":"https:\/\/thewritingflow.com\/","name":"The Writing Flow","description":"Writing coach who can relate to women\u2019s need for voice and self-care","publisher":{"@id":"https:\/\/thewritingflow.com\/#\/schema\/person\/bb898c90cce197ab8fb4ad181037a21b"},"potentialAction":[{"@type":"SearchAction","target":{"@type":"EntryPoint","urlTemplate":"https:\/\/thewritingflow.com\/?s={search_term_string}"},"query-input":{"@type":"PropertyValueSpecification","valueRequired":true,"valueName":"search_term_string"}}],"inLanguage":"en-GB"},{"@type":["Person","Organization"],"@id":"https:\/\/thewritingflow.com\/#\/schema\/person\/bb898c90cce197ab8fb4ad181037a21b","name":"Stefanie","image":{"@type":"ImageObject","inLanguage":"en-GB","@id":"https:\/\/thewritingflow.com\/#\/schema\/person\/image\/","url":"https:\/\/thewritingflow.com\/wp-content\/uploads\/2022\/06\/Steffie_19.jpg","contentUrl":"https:\/\/thewritingflow.com\/wp-content\/uploads\/2022\/06\/Steffie_19.jpg","width":1336,"height":2001,"caption":"Stefanie"},"logo":{"@id":"https:\/\/thewritingflow.com\/#\/schema\/person\/image\/"},"sameAs":["https:\/\/www.facebook.com\/thewritingflow.stefanie","https:\/\/www.instagram.com\/thewritingflow.stefanie\/","https:\/\/www.linkedin.com\/in\/stefaniebrodmann\/"]}]}},"_links":{"self":[{"href":"https:\/\/thewritingflow.com\/en\/wp-json\/wp\/v2\/pages\/5931"}],"collection":[{"href":"https:\/\/thewritingflow.com\/en\/wp-json\/wp\/v2\/pages"}],"about":[{"href":"https:\/\/thewritingflow.com\/en\/wp-json\/wp\/v2\/types\/page"}],"author":[{"embeddable":true,"href":"https:\/\/thewritingflow.com\/en\/wp-json\/wp\/v2\/users\/2"}],"replies":[{"embeddable":true,"href":"https:\/\/thewritingflow.com\/en\/wp-json\/wp\/v2\/comments?post=5931"}],"version-history":[{"count":30,"href":"https:\/\/thewritingflow.com\/en\/wp-json\/wp\/v2\/pages\/5931\/revisions"}],"predecessor-version":[{"id":10740,"href":"https:\/\/thewritingflow.com\/en\/wp-json\/wp\/v2\/pages\/5931\/revisions\/10740"}],"up":[{"embeddable":true,"href":"https:\/\/thewritingflow.com\/en\/wp-json\/wp\/v2\/pages\/7063"}],"wp:featuredmedia":[{"embeddable":true,"href":"https:\/\/thewritingflow.com\/en\/wp-json\/wp\/v2\/media\/337"}],"wp:attachment":[{"href":"https:\/\/thewritingflow.com\/en\/wp-json\/wp\/v2\/media?parent=5931"}],"curies":[{"name":"wp","href":"https:\/\/api.w.org\/{rel}","templated":true}]}}