{"id":8406,"date":"2023-12-17T11:25:04","date_gmt":"2023-12-17T10:25:04","guid":{"rendered":"https:\/\/thewritingflow.com\/?page_id=8406"},"modified":"2024-07-03T11:18:11","modified_gmt":"2024-07-03T09:18:11","slug":"danke-buch-signatur","status":"publish","type":"page","link":"https:\/\/thewritingflow.com\/en\/frauen-die-schreiben-bluehen-auf\/danke-buch-signatur\/","title":{"rendered":"Danke &#8211; Buch + Signatur"},"content":{"rendered":"<div data-elementor-type=\"wp-page\" data-elementor-id=\"8406\" class=\"elementor elementor-8406\" data-elementor-post-type=\"page\">\n\t\t\t\t\t\t<section class=\"elementor-section elementor-top-section elementor-element elementor-element-373c7ba elementor-section-boxed elementor-section-height-default elementor-section-height-default\" data-id=\"373c7ba\" data-element_type=\"section\" data-settings=\"{&quot;background_background&quot;:&quot;classic&quot;,&quot;shape_divider_top&quot;:&quot;waves&quot;}\">\n\t\t\t\t\t\t\t<div class=\"elementor-background-overlay\"><\/div>\n\t\t\t\t\t\t<div class=\"elementor-shape elementor-shape-top\" data-negative=\"false\">\n\t\t\t<svg xmlns=\"http:\/\/www.w3.org\/2000\/svg\" viewbox=\"0 0 1000 100\" preserveaspectratio=\"none\">\n\t<path class=\"elementor-shape-fill\" d=\"M421.9,6.5c22.6-2.5,51.5,0.4,75.5,5.3c23.6,4.9,70.9,23.5,100.5,35.7c75.8,32.2,133.7,44.5,192.6,49.7\tc23.6,2.1,48.7,3.5,103.4-2.5c54.7-6,106.2-25.6,106.2-25.6V0H0v30.3c0,0,72,32.6,158.4,30.5c39.2-0.7,92.8-6.7,134-22.4\tc21.2-8.1,52.2-18.2,79.7-24.2C399.3,7.9,411.6,7.5,421.9,6.5z\"\/>\n<\/svg>\t\t<\/div>\n\t\t\t\t\t<div class=\"elementor-container elementor-column-gap-default\">\n\t\t\t\t\t<div class=\"elementor-column elementor-col-100 elementor-top-column elementor-element elementor-element-377d985\" data-id=\"377d985\" data-element_type=\"column\" data-settings=\"{&quot;background_background&quot;:&quot;classic&quot;}\">\n\t\t\t<div class=\"elementor-widget-wrap elementor-element-populated\">\n\t\t\t\t\t<div class=\"elementor-background-overlay\"><\/div>\n\t\t\t\t\t\t<div class=\"elementor-element elementor-element-756f8ee elementor-widget elementor-widget-heading\" data-id=\"756f8ee\" data-element_type=\"widget\" data-widget_type=\"heading.default\">\n\t\t\t\t<div class=\"elementor-widget-container\">\n\t\t\t<h1 class=\"elementor-heading-title elementor-size-default\">Danke!<\/h1>\t\t<\/div>\n\t\t\t\t<\/div>\n\t\t\t\t<div class=\"elementor-element elementor-element-04ea028 elementor-widget elementor-widget-image\" data-id=\"04ea028\" data-element_type=\"widget\" data-widget_type=\"image.default\">\n\t\t\t\t<div class=\"elementor-widget-container\">\n\t\t\t\t\t\t\t\t\t\t\t\t\t<img fetchpriority=\"high\" decoding=\"async\" width=\"224\" height=\"297\" src=\"https:\/\/thewritingflow.com\/wp-content\/uploads\/2022\/04\/Favicon_loewenzahn_TheWritingflow.svg\" class=\"attachment-large size-large wp-image-20\" alt=\"Favicon_loewenzahn_TheWritingflow\" \/>\t\t\t\t\t\t\t\t\t\t\t\t\t<\/div>\n\t\t\t\t<\/div>\n\t\t\t\t<section class=\"elementor-section elementor-inner-section elementor-element elementor-element-8a5d45f elementor-section-boxed elementor-section-height-default elementor-section-height-default\" data-id=\"8a5d45f\" data-element_type=\"section\" data-settings=\"{&quot;background_background&quot;:&quot;classic&quot;}\">\n\t\t\t\t\t\t<div class=\"elementor-container elementor-column-gap-default\">\n\t\t\t\t\t<div class=\"elementor-column elementor-col-100 elementor-inner-column elementor-element elementor-element-865c2c1\" data-id=\"865c2c1\" data-element_type=\"column\">\n\t\t\t<div class=\"elementor-widget-wrap elementor-element-populated\">\n\t\t\t\t\t\t<div class=\"elementor-element elementor-element-66eb46d elementor-widget elementor-widget-heading\" data-id=\"66eb46d\" data-element_type=\"widget\" data-widget_type=\"heading.default\">\n\t\t\t\t<div class=\"elementor-widget-container\">\n\t\t\t<h3 class=\"elementor-heading-title elementor-size-default\">Ich freue mich sehr \u00fcber deine Bestellung von \"Frauen, die schreiben, bl\u00fchen auf. \n<\/h3>\t\t<\/div>\n\t\t\t\t<\/div>\n\t\t\t\t<div class=\"elementor-element elementor-element-884a56d elementor-widget elementor-widget-heading\" data-id=\"884a56d\" data-element_type=\"widget\" data-widget_type=\"heading.default\">\n\t\t\t\t<div class=\"elementor-widget-container\">\n\t\t\t<h3 class=\"elementor-heading-title elementor-size-default\">Bitte schreib mir an stefanie@thewritingflow.com <br>  welche Signatur(en) du dir w\u00fcnscht.\n<br><\/h3>\t\t<\/div>\n\t\t\t\t<\/div>\n\t\t\t\t<div class=\"elementor-element elementor-element-a494b0c elementor-widget elementor-widget-heading\" data-id=\"a494b0c\" data-element_type=\"widget\" data-widget_type=\"heading.default\">\n\t\t\t\t<div class=\"elementor-widget-container\">\n\t\t\t<h3 class=\"elementor-heading-title elementor-size-default\">Schreibverliebte Gr\u00fc\u00dfe<br>\nDeine Stefanie\n<\/h3>\t\t<\/div>\n\t\t\t\t<\/div>\n\t\t\t\t<div class=\"elementor-element elementor-element-f144e83 elementor-widget elementor-widget-text-editor\" data-id=\"f144e83\" data-element_type=\"widget\" data-widget_type=\"text-editor.default\">\n\t\t\t\t<div class=\"elementor-widget-container\">\n\t\t\t\t\t\t\t<p>Keine E-mail?<\/p><p>Checke bitte deinen Spam-Filter!<\/p>\t\t\t\t\t\t<\/div>\n\t\t\t\t<\/div>\n\t\t\t\t\t<\/div>\n\t\t<\/div>\n\t\t\t\t\t<\/div>\n\t\t<\/section>\n\t\t\t\t\t<\/div>\n\t\t<\/div>\n\t\t\t\t\t<\/div>\n\t\t<\/section>\n\t\t\t\t<section class=\"elementor-section elementor-top-section elementor-element elementor-element-74988ba elementor-section-boxed elementor-section-height-default elementor-section-height-default\" data-id=\"74988ba\" data-element_type=\"section\" data-settings=\"{&quot;background_background&quot;:&quot;classic&quot;,&quot;shape_divider_top&quot;:&quot;waves&quot;,&quot;shape_divider_bottom&quot;:&quot;waves&quot;}\">\n\t\t\t\t\t<div class=\"elementor-shape elementor-shape-top\" data-negative=\"false\">\n\t\t\t<svg xmlns=\"http:\/\/www.w3.org\/2000\/svg\" viewbox=\"0 0 1000 100\" preserveaspectratio=\"none\">\n\t<path class=\"elementor-shape-fill\" d=\"M421.9,6.5c22.6-2.5,51.5,0.4,75.5,5.3c23.6,4.9,70.9,23.5,100.5,35.7c75.8,32.2,133.7,44.5,192.6,49.7\tc23.6,2.1,48.7,3.5,103.4-2.5c54.7-6,106.2-25.6,106.2-25.6V0H0v30.3c0,0,72,32.6,158.4,30.5c39.2-0.7,92.8-6.7,134-22.4\tc21.2-8.1,52.2-18.2,79.7-24.2C399.3,7.9,411.6,7.5,421.9,6.5z\"\/>\n<\/svg>\t\t<\/div>\n\t\t\t\t<div class=\"elementor-shape elementor-shape-bottom\" data-negative=\"false\">\n\t\t\t<svg xmlns=\"http:\/\/www.w3.org\/2000\/svg\" viewbox=\"0 0 1000 100\" preserveaspectratio=\"none\">\n\t<path class=\"elementor-shape-fill\" d=\"M421.9,6.5c22.6-2.5,51.5,0.4,75.5,5.3c23.6,4.9,70.9,23.5,100.5,35.7c75.8,32.2,133.7,44.5,192.6,49.7\tc23.6,2.1,48.7,3.5,103.4-2.5c54.7-6,106.2-25.6,106.2-25.6V0H0v30.3c0,0,72,32.6,158.4,30.5c39.2-0.7,92.8-6.7,134-22.4\tc21.2-8.1,52.2-18.2,79.7-24.2C399.3,7.9,411.6,7.5,421.9,6.5z\"\/>\n<\/svg>\t\t<\/div>\n\t\t\t\t\t<div class=\"elementor-container elementor-column-gap-default\">\n\t\t\t\t\t<div class=\"elementor-column elementor-col-50 elementor-top-column elementor-element elementor-element-b3b8512\" data-id=\"b3b8512\" data-element_type=\"column\">\n\t\t\t<div class=\"elementor-widget-wrap elementor-element-populated\">\n\t\t\t\t\t\t<div class=\"elementor-element elementor-element-9d9946b elementor-widget elementor-widget-heading\" data-id=\"9d9946b\" data-element_type=\"widget\" data-widget_type=\"heading.default\">\n\t\t\t\t<div class=\"elementor-widget-container\">\n\t\t\t<h2 class=\"elementor-heading-title elementor-size-default\">Hello, I am Stefanie\n<\/h2>\t\t<\/div>\n\t\t\t\t<\/div>\n\t\t\t\t<div class=\"elementor-element elementor-element-20147a1 elementor-widget elementor-widget-text-editor\" data-id=\"20147a1\" data-element_type=\"widget\" data-widget_type=\"text-editor.default\">\n\t\t\t\t<div class=\"elementor-widget-container\">\n\t\t\t\t\t\t\t<p style=\"font-weight: 400;\">Ich bin Schreibtrainerin und Mentorin f\u00fcr intuitives und autobiographisches Schreiben und unterst\u00fctze in meinen Writing Flow Circles und Schreibworkshops vor allem Frauen, ihre innere Stimme wieder zu finden und sich neu zu entdecken.\u00a0<\/p><p style=\"font-weight: 400;\">Lange Zeit war ich die Verk\u00f6rperung der Devise \u201eWomen can have it all!\u201c Ich habe in Deutschland und Spanien Betriebswirtschaftslehre, Volkswirtschaftslehre, und Politik-und Sozialwissenschaften studiert. Nach meiner Promotion habe ich an der Princeton University in den USA als postdoctoral fellow gearbeitet, bin nach New York gezogen und von dort schlie\u00dflich nach Washington, DC.<\/p><p style=\"font-weight: 400;\">Seit 15 Jahren arbeite ich in der internationalen Entwicklungszusammenarbeit und habe sehr viele Kulturen und L\u00e4nder kennenlernen d\u00fcrfen.<\/p><p style=\"font-weight: 400;\">2015 und 2016 wurden meine beiden Kinder geboren und ich jonglierte jahrelang erfolgreich mit beruflichen Herausforderungen und der Mutterschaft. Doch innerlich brannte ich aus und verlor das Strahlen aus meinen Augen. Mein Versuch, alles zu schaffen, war zwar erfolgreich, aber meine Kraft schwand zunehmend und meine Leidenschaft verbl\u00fchte.<\/p><p style=\"font-weight: 400;\">Auf der Suche nach einem Ausweg fand ich mich in einem Schreibkurs wieder! Passion Writing!<\/p><p style=\"font-weight: 400;\">Das intuitive kreative Schreiben ver\u00e4nderte mein Leben vollkommen. Und das kann es auch f\u00fcr dich!<\/p>\t\t\t\t\t\t<\/div>\n\t\t\t\t<\/div>\n\t\t\t\t<div class=\"elementor-element elementor-element-432d31f elementor-align-left elementor-mobile-align-left elementor-widget elementor-widget-button\" data-id=\"432d31f\" data-element_type=\"widget\" data-widget_type=\"button.default\">\n\t\t\t\t<div class=\"elementor-widget-container\">\n\t\t\t\t\t\t\t<div class=\"elementor-button-wrapper\">\n\t\t\t\t\t<a class=\"elementor-button elementor-button-link elementor-size-sm elementor-animation-rotate\" href=\"https:\/\/thewritingflow.com\/en\/about\/\" target=\"_blank\">\n\t\t\t\t\t\t<span class=\"elementor-button-content-wrapper\">\n\t\t\t\t\t\t\t\t\t<span class=\"elementor-button-text\">Mehr<\/span>\n\t\t\t\t\t<\/span>\n\t\t\t\t\t<\/a>\n\t\t\t\t<\/div>\n\t\t\t\t\t\t<\/div>\n\t\t\t\t<\/div>\n\t\t\t\t\t<\/div>\n\t\t<\/div>\n\t\t\t\t<div class=\"elementor-column elementor-col-50 elementor-top-column elementor-element elementor-element-73b86e2\" data-id=\"73b86e2\" data-element_type=\"column\" data-settings=\"{&quot;background_background&quot;:&quot;classic&quot;}\">\n\t\t\t<div class=\"elementor-widget-wrap elementor-element-populated\">\n\t\t\t\t\t\t<div class=\"elementor-element elementor-element-bd312f1 elementor-widget elementor-widget-spacer\" data-id=\"bd312f1\" data-element_type=\"widget\" data-widget_type=\"spacer.default\">\n\t\t\t\t<div class=\"elementor-widget-container\">\n\t\t\t\t\t<div class=\"elementor-spacer\">\n\t\t\t<div class=\"elementor-spacer-inner\"><\/div>\n\t\t<\/div>\n\t\t\t\t<\/div>\n\t\t\t\t<\/div>\n\t\t\t\t\t<\/div>\n\t\t<\/div>\n\t\t\t\t\t<\/div>\n\t\t<\/section>\n\t\t\t\t<\/div>","protected":false},"excerpt":{"rendered":"<p>Danke! Ich freue mich sehr \u00fcber deine Bestellung von &#8222;Frauen, die schreiben, bl\u00fchen auf. Bitte schreib mir an stefanie@thewritingflow.com welche Signatur(en) du dir w\u00fcnscht. Schreibverliebte Gr\u00fc\u00dfe Deine Stefanie Keine E-mail? Checke bitte deinen Spam-Filter! Hallo, ich bin Stefanie Ich bin Schreibtrainerin und Mentorin f\u00fcr intuitives und autobiographisches Schreiben und unterst\u00fctze in meinen Writing Flow Circles [&hellip;]<\/p>","protected":false},"author":2,"featured_media":0,"parent":6402,"menu_order":0,"comment_status":"closed","ping_status":"closed","template":"elementor_header_footer","meta":{"footnotes":""},"class_list":["post-8406","page","type-page","status-publish","hentry"],"yoast_head":"<!-- This site is optimized with the Yoast SEO plugin v23.7 - https:\/\/yoast.com\/wordpress\/plugins\/seo\/ -->\n<title>Danke - Buch + Signatur - The Writing Flow<\/title>\n<meta name=\"robots\" content=\"index, follow, max-snippet:-1, max-image-preview:large, max-video-preview:-1\" \/>\n<link rel=\"canonical\" href=\"https:\/\/thewritingflow.com\/en\/frauen-die-schreiben-bluehen-auf\/danke-buch-signatur\/\" \/>\n<meta property=\"og:locale\" content=\"en_GB\" \/>\n<meta property=\"og:type\" content=\"article\" \/>\n<meta property=\"og:title\" content=\"Danke - Buch + Signatur - The Writing Flow\" \/>\n<meta property=\"og:description\" content=\"Danke! Ich freue mich sehr \u00fcber deine Bestellung von &#8222;Frauen, die schreiben, bl\u00fchen auf. Bitte schreib mir an stefanie@thewritingflow.com welche Signatur(en) du dir w\u00fcnscht. Schreibverliebte Gr\u00fc\u00dfe Deine Stefanie Keine E-mail? Checke bitte deinen Spam-Filter! Hallo, ich bin Stefanie Ich bin Schreibtrainerin und Mentorin f\u00fcr intuitives und autobiographisches Schreiben und unterst\u00fctze in meinen Writing Flow Circles [&hellip;]\" \/>\n<meta property=\"og:url\" content=\"https:\/\/thewritingflow.com\/en\/frauen-die-schreiben-bluehen-auf\/danke-buch-signatur\/\" \/>\n<meta property=\"og:site_name\" content=\"The Writing Flow\" \/>\n<meta property=\"article:publisher\" content=\"https:\/\/www.facebook.com\/thewritingflow.stefanie\" \/>\n<meta property=\"article:modified_time\" content=\"2024-07-03T09:18:11+00:00\" \/>\n<meta property=\"og:image\" content=\"https:\/\/thewritingflow.com\/wp-content\/uploads\/2022\/04\/Favicon_loewenzahn_TheWritingflow.svg\" \/>\n<meta name=\"twitter:card\" content=\"summary_large_image\" \/>\n<meta name=\"twitter:label1\" content=\"Estimated reading time\" \/>\n\t<meta name=\"twitter:data1\" content=\"2 minutes\" \/>\n<script type=\"application\/ld+json\" class=\"yoast-schema-graph\">{\"@context\":\"https:\/\/schema.org\",\"@graph\":[{\"@type\":\"WebPage\",\"@id\":\"https:\/\/thewritingflow.com\/frauen-die-schreiben-bluehen-auf\/danke-buch-signatur\/\",\"url\":\"https:\/\/thewritingflow.com\/frauen-die-schreiben-bluehen-auf\/danke-buch-signatur\/\",\"name\":\"Danke - Buch + Signatur - The Writing Flow\",\"isPartOf\":{\"@id\":\"https:\/\/thewritingflow.com\/#website\"},\"primaryImageOfPage\":{\"@id\":\"https:\/\/thewritingflow.com\/frauen-die-schreiben-bluehen-auf\/danke-buch-signatur\/#primaryimage\"},\"image\":{\"@id\":\"https:\/\/thewritingflow.com\/frauen-die-schreiben-bluehen-auf\/danke-buch-signatur\/#primaryimage\"},\"thumbnailUrl\":\"https:\/\/thewritingflow.com\/wp-content\/uploads\/2022\/04\/Favicon_loewenzahn_TheWritingflow.svg\",\"datePublished\":\"2023-12-17T10:25:04+00:00\",\"dateModified\":\"2024-07-03T09:18:11+00:00\",\"breadcrumb\":{\"@id\":\"https:\/\/thewritingflow.com\/frauen-die-schreiben-bluehen-auf\/danke-buch-signatur\/#breadcrumb\"},\"inLanguage\":\"en-GB\",\"potentialAction\":[{\"@type\":\"ReadAction\",\"target\":[\"https:\/\/thewritingflow.com\/frauen-die-schreiben-bluehen-auf\/danke-buch-signatur\/\"]}]},{\"@type\":\"ImageObject\",\"inLanguage\":\"en-GB\",\"@id\":\"https:\/\/thewritingflow.com\/frauen-die-schreiben-bluehen-auf\/danke-buch-signatur\/#primaryimage\",\"url\":\"https:\/\/thewritingflow.com\/wp-content\/uploads\/2022\/04\/Favicon_loewenzahn_TheWritingflow.svg\",\"contentUrl\":\"https:\/\/thewritingflow.com\/wp-content\/uploads\/2022\/04\/Favicon_loewenzahn_TheWritingflow.svg\"},{\"@type\":\"BreadcrumbList\",\"@id\":\"https:\/\/thewritingflow.com\/frauen-die-schreiben-bluehen-auf\/danke-buch-signatur\/#breadcrumb\",\"itemListElement\":[{\"@type\":\"ListItem\",\"position\":1,\"name\":\"Home\",\"item\":\"https:\/\/thewritingflow.com\/\"},{\"@type\":\"ListItem\",\"position\":2,\"name\":\"Buch: Frauen, die schreiben, bl\u00fchen auf\",\"item\":\"https:\/\/thewritingflow.com\/frauen-die-schreiben-bluehen-auf\/\"},{\"@type\":\"ListItem\",\"position\":3,\"name\":\"Danke &#8211; Buch + Signatur\"}]},{\"@type\":\"WebSite\",\"@id\":\"https:\/\/thewritingflow.com\/#website\",\"url\":\"https:\/\/thewritingflow.com\/\",\"name\":\"The Writing Flow\",\"description\":\"Writing coach who can relate to women\u2019s need for voice and self-care\",\"publisher\":{\"@id\":\"https:\/\/thewritingflow.com\/#\/schema\/person\/bb898c90cce197ab8fb4ad181037a21b\"},\"potentialAction\":[{\"@type\":\"SearchAction\",\"target\":{\"@type\":\"EntryPoint\",\"urlTemplate\":\"https:\/\/thewritingflow.com\/?s={search_term_string}\"},\"query-input\":{\"@type\":\"PropertyValueSpecification\",\"valueRequired\":true,\"valueName\":\"search_term_string\"}}],\"inLanguage\":\"en-GB\"},{\"@type\":[\"Person\",\"Organization\"],\"@id\":\"https:\/\/thewritingflow.com\/#\/schema\/person\/bb898c90cce197ab8fb4ad181037a21b\",\"name\":\"Stefanie\",\"image\":{\"@type\":\"ImageObject\",\"inLanguage\":\"en-GB\",\"@id\":\"https:\/\/thewritingflow.com\/#\/schema\/person\/image\/\",\"url\":\"https:\/\/thewritingflow.com\/wp-content\/uploads\/2022\/06\/Steffie_19.jpg\",\"contentUrl\":\"https:\/\/thewritingflow.com\/wp-content\/uploads\/2022\/06\/Steffie_19.jpg\",\"width\":1336,\"height\":2001,\"caption\":\"Stefanie\"},\"logo\":{\"@id\":\"https:\/\/thewritingflow.com\/#\/schema\/person\/image\/\"},\"sameAs\":[\"https:\/\/www.facebook.com\/thewritingflow.stefanie\",\"https:\/\/www.instagram.com\/thewritingflow.stefanie\/\",\"https:\/\/www.linkedin.com\/in\/stefaniebrodmann\/\"]}]}<\/script>\n<!-- \/ Yoast SEO plugin. -->","yoast_head_json":{"title":"Danke - Buch + Signatur - The Writing Flow","robots":{"index":"index","follow":"follow","max-snippet":"max-snippet:-1","max-image-preview":"max-image-preview:large","max-video-preview":"max-video-preview:-1"},"canonical":"https:\/\/thewritingflow.com\/en\/frauen-die-schreiben-bluehen-auf\/danke-buch-signatur\/","og_locale":"en_GB","og_type":"article","og_title":"Danke - Buch + Signatur - The Writing Flow","og_description":"Danke! Ich freue mich sehr \u00fcber deine Bestellung von &#8222;Frauen, die schreiben, bl\u00fchen auf. Bitte schreib mir an stefanie@thewritingflow.com welche Signatur(en) du dir w\u00fcnscht. Schreibverliebte Gr\u00fc\u00dfe Deine Stefanie Keine E-mail? Checke bitte deinen Spam-Filter! Hallo, ich bin Stefanie Ich bin Schreibtrainerin und Mentorin f\u00fcr intuitives und autobiographisches Schreiben und unterst\u00fctze in meinen Writing Flow Circles [&hellip;]","og_url":"https:\/\/thewritingflow.com\/en\/frauen-die-schreiben-bluehen-auf\/danke-buch-signatur\/","og_site_name":"The Writing Flow","article_publisher":"https:\/\/www.facebook.com\/thewritingflow.stefanie","article_modified_time":"2024-07-03T09:18:11+00:00","og_image":[{"url":"https:\/\/thewritingflow.com\/wp-content\/uploads\/2022\/04\/Favicon_loewenzahn_TheWritingflow.svg"}],"twitter_card":"summary_large_image","twitter_misc":{"Estimated reading time":"2 minutes"},"schema":{"@context":"https:\/\/schema.org","@graph":[{"@type":"WebPage","@id":"https:\/\/thewritingflow.com\/frauen-die-schreiben-bluehen-auf\/danke-buch-signatur\/","url":"https:\/\/thewritingflow.com\/frauen-die-schreiben-bluehen-auf\/danke-buch-signatur\/","name":"Danke - Buch + Signatur - The Writing Flow","isPartOf":{"@id":"https:\/\/thewritingflow.com\/#website"},"primaryImageOfPage":{"@id":"https:\/\/thewritingflow.com\/frauen-die-schreiben-bluehen-auf\/danke-buch-signatur\/#primaryimage"},"image":{"@id":"https:\/\/thewritingflow.com\/frauen-die-schreiben-bluehen-auf\/danke-buch-signatur\/#primaryimage"},"thumbnailUrl":"https:\/\/thewritingflow.com\/wp-content\/uploads\/2022\/04\/Favicon_loewenzahn_TheWritingflow.svg","datePublished":"2023-12-17T10:25:04+00:00","dateModified":"2024-07-03T09:18:11+00:00","breadcrumb":{"@id":"https:\/\/thewritingflow.com\/frauen-die-schreiben-bluehen-auf\/danke-buch-signatur\/#breadcrumb"},"inLanguage":"en-GB","potentialAction":[{"@type":"ReadAction","target":["https:\/\/thewritingflow.com\/frauen-die-schreiben-bluehen-auf\/danke-buch-signatur\/"]}]},{"@type":"ImageObject","inLanguage":"en-GB","@id":"https:\/\/thewritingflow.com\/frauen-die-schreiben-bluehen-auf\/danke-buch-signatur\/#primaryimage","url":"https:\/\/thewritingflow.com\/wp-content\/uploads\/2022\/04\/Favicon_loewenzahn_TheWritingflow.svg","contentUrl":"https:\/\/thewritingflow.com\/wp-content\/uploads\/2022\/04\/Favicon_loewenzahn_TheWritingflow.svg"},{"@type":"BreadcrumbList","@id":"https:\/\/thewritingflow.com\/frauen-die-schreiben-bluehen-auf\/danke-buch-signatur\/#breadcrumb","itemListElement":[{"@type":"ListItem","position":1,"name":"Home","item":"https:\/\/thewritingflow.com\/"},{"@type":"ListItem","position":2,"name":"Buch: Frauen, die schreiben, bl\u00fchen auf","item":"https:\/\/thewritingflow.com\/frauen-die-schreiben-bluehen-auf\/"},{"@type":"ListItem","position":3,"name":"Danke &#8211; Buch + Signatur"}]},{"@type":"WebSite","@id":"https:\/\/thewritingflow.com\/#website","url":"https:\/\/thewritingflow.com\/","name":"The Writing Flow","description":"Writing coach who can relate to women\u2019s need for voice and self-care","publisher":{"@id":"https:\/\/thewritingflow.com\/#\/schema\/person\/bb898c90cce197ab8fb4ad181037a21b"},"potentialAction":[{"@type":"SearchAction","target":{"@type":"EntryPoint","urlTemplate":"https:\/\/thewritingflow.com\/?s={search_term_string}"},"query-input":{"@type":"PropertyValueSpecification","valueRequired":true,"valueName":"search_term_string"}}],"inLanguage":"en-GB"},{"@type":["Person","Organization"],"@id":"https:\/\/thewritingflow.com\/#\/schema\/person\/bb898c90cce197ab8fb4ad181037a21b","name":"Stefanie","image":{"@type":"ImageObject","inLanguage":"en-GB","@id":"https:\/\/thewritingflow.com\/#\/schema\/person\/image\/","url":"https:\/\/thewritingflow.com\/wp-content\/uploads\/2022\/06\/Steffie_19.jpg","contentUrl":"https:\/\/thewritingflow.com\/wp-content\/uploads\/2022\/06\/Steffie_19.jpg","width":1336,"height":2001,"caption":"Stefanie"},"logo":{"@id":"https:\/\/thewritingflow.com\/#\/schema\/person\/image\/"},"sameAs":["https:\/\/www.facebook.com\/thewritingflow.stefanie","https:\/\/www.instagram.com\/thewritingflow.stefanie\/","https:\/\/www.linkedin.com\/in\/stefaniebrodmann\/"]}]}},"_links":{"self":[{"href":"https:\/\/thewritingflow.com\/en\/wp-json\/wp\/v2\/pages\/8406"}],"collection":[{"href":"https:\/\/thewritingflow.com\/en\/wp-json\/wp\/v2\/pages"}],"about":[{"href":"https:\/\/thewritingflow.com\/en\/wp-json\/wp\/v2\/types\/page"}],"author":[{"embeddable":true,"href":"https:\/\/thewritingflow.com\/en\/wp-json\/wp\/v2\/users\/2"}],"replies":[{"embeddable":true,"href":"https:\/\/thewritingflow.com\/en\/wp-json\/wp\/v2\/comments?post=8406"}],"version-history":[{"count":1,"href":"https:\/\/thewritingflow.com\/en\/wp-json\/wp\/v2\/pages\/8406\/revisions"}],"predecessor-version":[{"id":10939,"href":"https:\/\/thewritingflow.com\/en\/wp-json\/wp\/v2\/pages\/8406\/revisions\/10939"}],"up":[{"embeddable":true,"href":"https:\/\/thewritingflow.com\/en\/wp-json\/wp\/v2\/pages\/6402"}],"wp:attachment":[{"href":"https:\/\/thewritingflow.com\/en\/wp-json\/wp\/v2\/media?parent=8406"}],"curies":[{"name":"wp","href":"https:\/\/api.w.org\/{rel}","templated":true}]}}