{"id":9491,"date":"2024-06-08T07:16:14","date_gmt":"2024-06-08T05:16:14","guid":{"rendered":"https:\/\/thewritingflow.com\/?page_id=9491"},"modified":"2024-07-03T13:22:13","modified_gmt":"2024-07-03T11:22:13","slug":"thank-you-sign-up-buchkapitel","status":"publish","type":"page","link":"https:\/\/thewritingflow.com\/en\/frauen-die-schreiben-bluehen-auf\/thank-you-sign-up-buchkapitel\/","title":{"rendered":"Thank you Sign up Buchkapitel"},"content":{"rendered":"<div data-elementor-type=\"wp-page\" data-elementor-id=\"9491\" class=\"elementor elementor-9491\" data-elementor-post-type=\"page\">\n\t\t\t\t\t\t<section class=\"elementor-section elementor-top-section elementor-element elementor-element-58ca3dd elementor-section-boxed elementor-section-height-default elementor-section-height-default\" data-id=\"58ca3dd\" data-element_type=\"section\" data-settings=\"{&quot;background_background&quot;:&quot;classic&quot;,&quot;shape_divider_top&quot;:&quot;waves&quot;}\">\n\t\t\t\t\t\t\t<div class=\"elementor-background-overlay\"><\/div>\n\t\t\t\t\t\t<div class=\"elementor-shape elementor-shape-top\" data-negative=\"false\">\n\t\t\t<svg xmlns=\"http:\/\/www.w3.org\/2000\/svg\" viewbox=\"0 0 1000 100\" preserveaspectratio=\"none\">\n\t<path class=\"elementor-shape-fill\" d=\"M421.9,6.5c22.6-2.5,51.5,0.4,75.5,5.3c23.6,4.9,70.9,23.5,100.5,35.7c75.8,32.2,133.7,44.5,192.6,49.7\tc23.6,2.1,48.7,3.5,103.4-2.5c54.7-6,106.2-25.6,106.2-25.6V0H0v30.3c0,0,72,32.6,158.4,30.5c39.2-0.7,92.8-6.7,134-22.4\tc21.2-8.1,52.2-18.2,79.7-24.2C399.3,7.9,411.6,7.5,421.9,6.5z\"\/>\n<\/svg>\t\t<\/div>\n\t\t\t\t\t<div class=\"elementor-container elementor-column-gap-default\">\n\t\t\t\t\t<div class=\"elementor-column elementor-col-100 elementor-top-column elementor-element elementor-element-bda9f4c\" data-id=\"bda9f4c\" data-element_type=\"column\" data-settings=\"{&quot;background_background&quot;:&quot;classic&quot;}\">\n\t\t\t<div class=\"elementor-widget-wrap elementor-element-populated\">\n\t\t\t\t\t<div class=\"elementor-background-overlay\"><\/div>\n\t\t\t\t\t\t<div class=\"elementor-element elementor-element-0661247 elementor-widget elementor-widget-heading\" data-id=\"0661247\" data-element_type=\"widget\" data-widget_type=\"heading.default\">\n\t\t\t\t<div class=\"elementor-widget-container\">\n\t\t\t<h1 class=\"elementor-heading-title elementor-size-default\">Buchkapitel<\/h1>\t\t<\/div>\n\t\t\t\t<\/div>\n\t\t\t\t<div class=\"elementor-element elementor-element-b56ef9b elementor-widget elementor-widget-image\" data-id=\"b56ef9b\" data-element_type=\"widget\" data-widget_type=\"image.default\">\n\t\t\t\t<div class=\"elementor-widget-container\">\n\t\t\t\t\t\t\t\t\t\t\t\t\t<img fetchpriority=\"high\" decoding=\"async\" width=\"224\" height=\"297\" src=\"https:\/\/thewritingflow.com\/wp-content\/uploads\/2022\/04\/Favicon_loewenzahn_TheWritingflow.svg\" class=\"attachment-large size-large wp-image-20\" alt=\"Favicon_loewenzahn_TheWritingflow\" \/>\t\t\t\t\t\t\t\t\t\t\t\t\t<\/div>\n\t\t\t\t<\/div>\n\t\t\t\t<section class=\"elementor-section elementor-inner-section elementor-element elementor-element-c4c4474 elementor-section-boxed elementor-section-height-default elementor-section-height-default\" data-id=\"c4c4474\" data-element_type=\"section\" data-settings=\"{&quot;background_background&quot;:&quot;classic&quot;}\">\n\t\t\t\t\t\t<div class=\"elementor-container elementor-column-gap-default\">\n\t\t\t\t\t<div class=\"elementor-column elementor-col-100 elementor-inner-column elementor-element elementor-element-8c8d9a4\" data-id=\"8c8d9a4\" data-element_type=\"column\">\n\t\t\t<div class=\"elementor-widget-wrap elementor-element-populated\">\n\t\t\t\t\t\t<div class=\"elementor-element elementor-element-332d826 elementor-widget elementor-widget-heading\" data-id=\"332d826\" data-element_type=\"widget\" data-widget_type=\"heading.default\">\n\t\t\t\t<div class=\"elementor-widget-container\">\n\t\t\t<h3 class=\"elementor-heading-title elementor-size-default\">Ich freue mich, dass du ein Kapitel von <br>\"Frauen, die schreiben, bl\u00fchen auf\" lesen m\u00f6chtest.  <br>  <br>  Bitte \u00fcberpr\u00fcfe deinen E-Mail-Posteingang <br>und best\u00e4tige deine E-Mail Adresse. \n\n<\/h3>\t\t<\/div>\n\t\t\t\t<\/div>\n\t\t\t\t<div class=\"elementor-element elementor-element-df86fdf elementor-widget elementor-widget-heading\" data-id=\"df86fdf\" data-element_type=\"widget\" data-widget_type=\"heading.default\">\n\t\t\t\t<div class=\"elementor-widget-container\">\n\t\t\t<h3 class=\"elementor-heading-title elementor-size-default\">Falls du Fragen hast z\u00f6gere bitte nicht, mich zu kontaktieren: stefanie@thewritingflow.com\n<\/h3>\t\t<\/div>\n\t\t\t\t<\/div>\n\t\t\t\t<div class=\"elementor-element elementor-element-094834b elementor-widget elementor-widget-heading\" data-id=\"094834b\" data-element_type=\"widget\" data-widget_type=\"heading.default\">\n\t\t\t\t<div class=\"elementor-widget-container\">\n\t\t\t<h3 class=\"elementor-heading-title elementor-size-default\">Ich freue mich auf die Gelegenheit, gemeinsam zu schreiben!\n\n<\/h3>\t\t<\/div>\n\t\t\t\t<\/div>\n\t\t\t\t<div class=\"elementor-element elementor-element-809aa01 elementor-widget elementor-widget-heading\" data-id=\"809aa01\" data-element_type=\"widget\" data-widget_type=\"heading.default\">\n\t\t\t\t<div class=\"elementor-widget-container\">\n\t\t\t<h3 class=\"elementor-heading-title elementor-size-default\">Schreibverliebte Gr\u00fc\u00dfe,<br>\nStefanie\n<\/h3>\t\t<\/div>\n\t\t\t\t<\/div>\n\t\t\t\t<div class=\"elementor-element elementor-element-da854b3 elementor-view-default elementor-position-top elementor-mobile-position-top elementor-widget elementor-widget-global elementor-global-10574 elementor-widget-icon-box\" data-id=\"da854b3\" data-element_type=\"widget\" data-widget_type=\"icon-box.default\">\n\t\t\t\t<div class=\"elementor-widget-container\">\n\t\t\t\t\t<div class=\"elementor-icon-box-wrapper\">\n\n\t\t\t\t\t\t<div class=\"elementor-icon-box-icon\">\n\t\t\t\t<span  class=\"elementor-icon elementor-animation-\">\n\t\t\t\t<i aria-hidden=\"true\" class=\"fas fa-question-circle\"><\/i>\t\t\t\t<\/span>\n\t\t\t<\/div>\n\t\t\t\n\t\t\t\t\t\t<div class=\"elementor-icon-box-content\">\n\n\t\t\t\t\t\t\t\t\t<h3 class=\"elementor-icon-box-title\">\n\t\t\t\t\t\t<span  >\n\t\t\t\t\t\t\tNo E-mail?\t\t\t\t\t\t<\/span>\n\t\t\t\t\t<\/h3>\n\t\t\t\t\n\t\t\t\t\t\t\t\t\t<p class=\"elementor-icon-box-description\">\n\t\t\t\t\t\tPlease check your spam folder.\t\t\t\t\t<\/p>\n\t\t\t\t\n\t\t\t<\/div>\n\t\t\t\n\t\t<\/div>\n\t\t\t\t<\/div>\n\t\t\t\t<\/div>\n\t\t\t\t\t<\/div>\n\t\t<\/div>\n\t\t\t\t\t<\/div>\n\t\t<\/section>\n\t\t\t\t\t<\/div>\n\t\t<\/div>\n\t\t\t\t\t<\/div>\n\t\t<\/section>\n\t\t\t\t<section class=\"elementor-section elementor-top-section elementor-element elementor-element-a44dcfd elementor-section-boxed elementor-section-height-default elementor-section-height-default\" data-id=\"a44dcfd\" data-element_type=\"section\" data-settings=\"{&quot;background_background&quot;:&quot;classic&quot;,&quot;shape_divider_top&quot;:&quot;waves&quot;,&quot;shape_divider_bottom&quot;:&quot;waves&quot;}\">\n\t\t\t\t\t<div class=\"elementor-shape elementor-shape-top\" data-negative=\"false\">\n\t\t\t<svg xmlns=\"http:\/\/www.w3.org\/2000\/svg\" viewbox=\"0 0 1000 100\" preserveaspectratio=\"none\">\n\t<path class=\"elementor-shape-fill\" d=\"M421.9,6.5c22.6-2.5,51.5,0.4,75.5,5.3c23.6,4.9,70.9,23.5,100.5,35.7c75.8,32.2,133.7,44.5,192.6,49.7\tc23.6,2.1,48.7,3.5,103.4-2.5c54.7-6,106.2-25.6,106.2-25.6V0H0v30.3c0,0,72,32.6,158.4,30.5c39.2-0.7,92.8-6.7,134-22.4\tc21.2-8.1,52.2-18.2,79.7-24.2C399.3,7.9,411.6,7.5,421.9,6.5z\"\/>\n<\/svg>\t\t<\/div>\n\t\t\t\t<div class=\"elementor-shape elementor-shape-bottom\" data-negative=\"false\">\n\t\t\t<svg xmlns=\"http:\/\/www.w3.org\/2000\/svg\" viewbox=\"0 0 1000 100\" preserveaspectratio=\"none\">\n\t<path class=\"elementor-shape-fill\" d=\"M421.9,6.5c22.6-2.5,51.5,0.4,75.5,5.3c23.6,4.9,70.9,23.5,100.5,35.7c75.8,32.2,133.7,44.5,192.6,49.7\tc23.6,2.1,48.7,3.5,103.4-2.5c54.7-6,106.2-25.6,106.2-25.6V0H0v30.3c0,0,72,32.6,158.4,30.5c39.2-0.7,92.8-6.7,134-22.4\tc21.2-8.1,52.2-18.2,79.7-24.2C399.3,7.9,411.6,7.5,421.9,6.5z\"\/>\n<\/svg>\t\t<\/div>\n\t\t\t\t\t<div class=\"elementor-container elementor-column-gap-default\">\n\t\t\t\t\t<div class=\"elementor-column elementor-col-50 elementor-top-column elementor-element elementor-element-7ed39c0\" data-id=\"7ed39c0\" data-element_type=\"column\">\n\t\t\t<div class=\"elementor-widget-wrap elementor-element-populated\">\n\t\t\t\t\t\t<div class=\"elementor-element elementor-element-d6d8ac1 elementor-widget elementor-widget-heading\" data-id=\"d6d8ac1\" data-element_type=\"widget\" data-widget_type=\"heading.default\">\n\t\t\t\t<div class=\"elementor-widget-container\">\n\t\t\t<h2 class=\"elementor-heading-title elementor-size-default\">Hello, I am Stefanie\n<\/h2>\t\t<\/div>\n\t\t\t\t<\/div>\n\t\t\t\t<div class=\"elementor-element elementor-element-2da2210 elementor-widget elementor-widget-text-editor\" data-id=\"2da2210\" data-element_type=\"widget\" data-widget_type=\"text-editor.default\">\n\t\t\t\t<div class=\"elementor-widget-container\">\n\t\t\t\t\t\t\t<p style=\"font-weight: 400;\">Ich bin Schreibtrainerin und Mentorin f\u00fcr intuitives und autobiographisches Schreiben und unterst\u00fctze in meinen Writing Flow Circles und Schreibworkshops vor allem Frauen, ihre innere Stimme wieder zu finden und sich neu zu entdecken.\u00a0<\/p><p style=\"font-weight: 400;\">Lange Zeit war ich die Verk\u00f6rperung der Devise \u201eWomen can have it all!\u201c Ich habe Betriebswirtschaftslehre, Volkswirtschaftslehre, und Politik-und Sozialwissenschaften studiert. Nach meiner Promotion habe ich an der Princeton University in den USA als postdoctoral fellow gearbeitet, bin nach New York gezogen und von dort schlie\u00dflich nach Washington, DC.<\/p><p style=\"font-weight: 400;\">Seit 15 Jahren arbeite ich in der internationalen Entwicklungszusammenarbeit und habe sehr viele Kulturen und L\u00e4nder kennenlernen d\u00fcrfen.<\/p><p style=\"font-weight: 400;\">2015 und 2016 wurden meine beiden Kinder geboren und ich jonglierte jahrelang erfolgreich mit beruflichen Herausforderungen und der Mutterschaft.<\/p><p style=\"font-weight: 400;\">Doch innerlich brannte ich aus und verlor das Strahlen aus meinen Augen. Mein Versuch, alles zu schaffen, war zwar erfolgreich, aber meine Kraft schwand zunehmend und meine Leidenschaft verbl\u00fchte.<\/p><p style=\"font-weight: 400;\">Auf der Suche nach einem Ausweg fand ich mich in einem Schreibkurs wieder! Passion Writing!<\/p><p style=\"font-weight: 400;\">Das intuitive kreative Schreiben ver\u00e4nderte mein Leben vollkommen. Und das kann es auch f\u00fcr dich!<\/p>\t\t\t\t\t\t<\/div>\n\t\t\t\t<\/div>\n\t\t\t\t<div class=\"elementor-element elementor-element-dd760a4 elementor-align-left elementor-mobile-align-left elementor-widget elementor-widget-button\" data-id=\"dd760a4\" data-element_type=\"widget\" data-widget_type=\"button.default\">\n\t\t\t\t<div class=\"elementor-widget-container\">\n\t\t\t\t\t\t\t<div class=\"elementor-button-wrapper\">\n\t\t\t\t\t<a class=\"elementor-button elementor-button-link elementor-size-sm elementor-animation-rotate\" href=\"https:\/\/thewritingflow.com\/en\/about\/\" target=\"_blank\">\n\t\t\t\t\t\t<span class=\"elementor-button-content-wrapper\">\n\t\t\t\t\t\t\t\t\t<span class=\"elementor-button-text\">Mehr<\/span>\n\t\t\t\t\t<\/span>\n\t\t\t\t\t<\/a>\n\t\t\t\t<\/div>\n\t\t\t\t\t\t<\/div>\n\t\t\t\t<\/div>\n\t\t\t\t\t<\/div>\n\t\t<\/div>\n\t\t\t\t<div class=\"elementor-column elementor-col-50 elementor-top-column elementor-element elementor-element-7bbfab1\" data-id=\"7bbfab1\" data-element_type=\"column\" data-settings=\"{&quot;background_background&quot;:&quot;classic&quot;}\">\n\t\t\t<div class=\"elementor-widget-wrap elementor-element-populated\">\n\t\t\t\t\t\t<div class=\"elementor-element elementor-element-6e480d9 elementor-widget elementor-widget-spacer\" data-id=\"6e480d9\" data-element_type=\"widget\" data-widget_type=\"spacer.default\">\n\t\t\t\t<div class=\"elementor-widget-container\">\n\t\t\t\t\t<div class=\"elementor-spacer\">\n\t\t\t<div class=\"elementor-spacer-inner\"><\/div>\n\t\t<\/div>\n\t\t\t\t<\/div>\n\t\t\t\t<\/div>\n\t\t\t\t\t<\/div>\n\t\t<\/div>\n\t\t\t\t\t<\/div>\n\t\t<\/section>\n\t\t\t\t<\/div>","protected":false},"excerpt":{"rendered":"<p>Buchkapitel Ich freue mich, dass du ein Kapitel von &#8222;Frauen, die schreiben, bl\u00fchen auf&#8220; lesen m\u00f6chtest. Bitte \u00fcberpr\u00fcfe deinen E-Mail-Posteingang und best\u00e4tige deine E-Mail Adresse. Falls du Fragen hast z\u00f6gere bitte nicht, mich zu kontaktieren: stefanie@thewritingflow.com Ich freue mich auf die Gelegenheit, gemeinsam zu schreiben! Schreibverliebte Gr\u00fc\u00dfe, Stefanie Keine E-Mail? Bitte \u00fcberpr\u00fcfe deinen Spam-Ordner Hallo, [&hellip;]<\/p>","protected":false},"author":2,"featured_media":0,"parent":6402,"menu_order":0,"comment_status":"closed","ping_status":"closed","template":"elementor_header_footer","meta":{"footnotes":""},"class_list":["post-9491","page","type-page","status-publish","hentry"],"yoast_head":"<!-- This site is optimized with the Yoast SEO plugin v23.7 - https:\/\/yoast.com\/wordpress\/plugins\/seo\/ -->\n<title>Thank you Sign up Buchkapitel - The Writing Flow<\/title>\n<meta name=\"robots\" content=\"index, follow, max-snippet:-1, max-image-preview:large, max-video-preview:-1\" \/>\n<link rel=\"canonical\" href=\"https:\/\/thewritingflow.com\/en\/frauen-die-schreiben-bluehen-auf\/thank-you-sign-up-buchkapitel\/\" \/>\n<meta property=\"og:locale\" content=\"en_GB\" \/>\n<meta property=\"og:type\" content=\"article\" \/>\n<meta property=\"og:title\" content=\"Thank you Sign up Buchkapitel - The Writing Flow\" \/>\n<meta property=\"og:description\" content=\"Buchkapitel Ich freue mich, dass du ein Kapitel von &#8222;Frauen, die schreiben, bl\u00fchen auf&#8220; lesen m\u00f6chtest. Bitte \u00fcberpr\u00fcfe deinen E-Mail-Posteingang und best\u00e4tige deine E-Mail Adresse. Falls du Fragen hast z\u00f6gere bitte nicht, mich zu kontaktieren: stefanie@thewritingflow.com Ich freue mich auf die Gelegenheit, gemeinsam zu schreiben! Schreibverliebte Gr\u00fc\u00dfe, Stefanie Keine E-Mail? Bitte \u00fcberpr\u00fcfe deinen Spam-Ordner Hallo, [&hellip;]\" \/>\n<meta property=\"og:url\" content=\"https:\/\/thewritingflow.com\/en\/frauen-die-schreiben-bluehen-auf\/thank-you-sign-up-buchkapitel\/\" \/>\n<meta property=\"og:site_name\" content=\"The Writing Flow\" \/>\n<meta property=\"article:publisher\" content=\"https:\/\/www.facebook.com\/thewritingflow.stefanie\" \/>\n<meta property=\"article:modified_time\" content=\"2024-07-03T11:22:13+00:00\" \/>\n<meta property=\"og:image\" content=\"https:\/\/thewritingflow.com\/wp-content\/uploads\/2022\/04\/Favicon_loewenzahn_TheWritingflow.svg\" \/>\n<meta name=\"twitter:card\" content=\"summary_large_image\" \/>\n<meta name=\"twitter:label1\" content=\"Estimated reading time\" \/>\n\t<meta name=\"twitter:data1\" content=\"2 minutes\" \/>\n<script type=\"application\/ld+json\" class=\"yoast-schema-graph\">{\"@context\":\"https:\/\/schema.org\",\"@graph\":[{\"@type\":\"WebPage\",\"@id\":\"https:\/\/thewritingflow.com\/frauen-die-schreiben-bluehen-auf\/thank-you-sign-up-buchkapitel\/\",\"url\":\"https:\/\/thewritingflow.com\/frauen-die-schreiben-bluehen-auf\/thank-you-sign-up-buchkapitel\/\",\"name\":\"Thank you Sign up Buchkapitel - The Writing Flow\",\"isPartOf\":{\"@id\":\"https:\/\/thewritingflow.com\/#website\"},\"primaryImageOfPage\":{\"@id\":\"https:\/\/thewritingflow.com\/frauen-die-schreiben-bluehen-auf\/thank-you-sign-up-buchkapitel\/#primaryimage\"},\"image\":{\"@id\":\"https:\/\/thewritingflow.com\/frauen-die-schreiben-bluehen-auf\/thank-you-sign-up-buchkapitel\/#primaryimage\"},\"thumbnailUrl\":\"https:\/\/thewritingflow.com\/wp-content\/uploads\/2022\/04\/Favicon_loewenzahn_TheWritingflow.svg\",\"datePublished\":\"2024-06-08T05:16:14+00:00\",\"dateModified\":\"2024-07-03T11:22:13+00:00\",\"breadcrumb\":{\"@id\":\"https:\/\/thewritingflow.com\/frauen-die-schreiben-bluehen-auf\/thank-you-sign-up-buchkapitel\/#breadcrumb\"},\"inLanguage\":\"en-GB\",\"potentialAction\":[{\"@type\":\"ReadAction\",\"target\":[\"https:\/\/thewritingflow.com\/frauen-die-schreiben-bluehen-auf\/thank-you-sign-up-buchkapitel\/\"]}]},{\"@type\":\"ImageObject\",\"inLanguage\":\"en-GB\",\"@id\":\"https:\/\/thewritingflow.com\/frauen-die-schreiben-bluehen-auf\/thank-you-sign-up-buchkapitel\/#primaryimage\",\"url\":\"https:\/\/thewritingflow.com\/wp-content\/uploads\/2022\/04\/Favicon_loewenzahn_TheWritingflow.svg\",\"contentUrl\":\"https:\/\/thewritingflow.com\/wp-content\/uploads\/2022\/04\/Favicon_loewenzahn_TheWritingflow.svg\"},{\"@type\":\"BreadcrumbList\",\"@id\":\"https:\/\/thewritingflow.com\/frauen-die-schreiben-bluehen-auf\/thank-you-sign-up-buchkapitel\/#breadcrumb\",\"itemListElement\":[{\"@type\":\"ListItem\",\"position\":1,\"name\":\"Home\",\"item\":\"https:\/\/thewritingflow.com\/\"},{\"@type\":\"ListItem\",\"position\":2,\"name\":\"Buch: Frauen, die schreiben, bl\u00fchen auf\",\"item\":\"https:\/\/thewritingflow.com\/frauen-die-schreiben-bluehen-auf\/\"},{\"@type\":\"ListItem\",\"position\":3,\"name\":\"Thank you Sign up Buchkapitel\"}]},{\"@type\":\"WebSite\",\"@id\":\"https:\/\/thewritingflow.com\/#website\",\"url\":\"https:\/\/thewritingflow.com\/\",\"name\":\"The Writing Flow\",\"description\":\"Writing coach who can relate to women\u2019s need for voice and self-care\",\"publisher\":{\"@id\":\"https:\/\/thewritingflow.com\/#\/schema\/person\/bb898c90cce197ab8fb4ad181037a21b\"},\"potentialAction\":[{\"@type\":\"SearchAction\",\"target\":{\"@type\":\"EntryPoint\",\"urlTemplate\":\"https:\/\/thewritingflow.com\/?s={search_term_string}\"},\"query-input\":{\"@type\":\"PropertyValueSpecification\",\"valueRequired\":true,\"valueName\":\"search_term_string\"}}],\"inLanguage\":\"en-GB\"},{\"@type\":[\"Person\",\"Organization\"],\"@id\":\"https:\/\/thewritingflow.com\/#\/schema\/person\/bb898c90cce197ab8fb4ad181037a21b\",\"name\":\"Stefanie\",\"image\":{\"@type\":\"ImageObject\",\"inLanguage\":\"en-GB\",\"@id\":\"https:\/\/thewritingflow.com\/#\/schema\/person\/image\/\",\"url\":\"https:\/\/thewritingflow.com\/wp-content\/uploads\/2022\/06\/Steffie_19.jpg\",\"contentUrl\":\"https:\/\/thewritingflow.com\/wp-content\/uploads\/2022\/06\/Steffie_19.jpg\",\"width\":1336,\"height\":2001,\"caption\":\"Stefanie\"},\"logo\":{\"@id\":\"https:\/\/thewritingflow.com\/#\/schema\/person\/image\/\"},\"sameAs\":[\"https:\/\/www.facebook.com\/thewritingflow.stefanie\",\"https:\/\/www.instagram.com\/thewritingflow.stefanie\/\",\"https:\/\/www.linkedin.com\/in\/stefaniebrodmann\/\"]}]}<\/script>\n<!-- \/ Yoast SEO plugin. -->","yoast_head_json":{"title":"Thank you Sign up Buchkapitel - The Writing Flow","robots":{"index":"index","follow":"follow","max-snippet":"max-snippet:-1","max-image-preview":"max-image-preview:large","max-video-preview":"max-video-preview:-1"},"canonical":"https:\/\/thewritingflow.com\/en\/frauen-die-schreiben-bluehen-auf\/thank-you-sign-up-buchkapitel\/","og_locale":"en_GB","og_type":"article","og_title":"Thank you Sign up Buchkapitel - The Writing Flow","og_description":"Buchkapitel Ich freue mich, dass du ein Kapitel von &#8222;Frauen, die schreiben, bl\u00fchen auf&#8220; lesen m\u00f6chtest. Bitte \u00fcberpr\u00fcfe deinen E-Mail-Posteingang und best\u00e4tige deine E-Mail Adresse. Falls du Fragen hast z\u00f6gere bitte nicht, mich zu kontaktieren: stefanie@thewritingflow.com Ich freue mich auf die Gelegenheit, gemeinsam zu schreiben! Schreibverliebte Gr\u00fc\u00dfe, Stefanie Keine E-Mail? Bitte \u00fcberpr\u00fcfe deinen Spam-Ordner Hallo, [&hellip;]","og_url":"https:\/\/thewritingflow.com\/en\/frauen-die-schreiben-bluehen-auf\/thank-you-sign-up-buchkapitel\/","og_site_name":"The Writing Flow","article_publisher":"https:\/\/www.facebook.com\/thewritingflow.stefanie","article_modified_time":"2024-07-03T11:22:13+00:00","og_image":[{"url":"https:\/\/thewritingflow.com\/wp-content\/uploads\/2022\/04\/Favicon_loewenzahn_TheWritingflow.svg"}],"twitter_card":"summary_large_image","twitter_misc":{"Estimated reading time":"2 minutes"},"schema":{"@context":"https:\/\/schema.org","@graph":[{"@type":"WebPage","@id":"https:\/\/thewritingflow.com\/frauen-die-schreiben-bluehen-auf\/thank-you-sign-up-buchkapitel\/","url":"https:\/\/thewritingflow.com\/frauen-die-schreiben-bluehen-auf\/thank-you-sign-up-buchkapitel\/","name":"Thank you Sign up Buchkapitel - The Writing Flow","isPartOf":{"@id":"https:\/\/thewritingflow.com\/#website"},"primaryImageOfPage":{"@id":"https:\/\/thewritingflow.com\/frauen-die-schreiben-bluehen-auf\/thank-you-sign-up-buchkapitel\/#primaryimage"},"image":{"@id":"https:\/\/thewritingflow.com\/frauen-die-schreiben-bluehen-auf\/thank-you-sign-up-buchkapitel\/#primaryimage"},"thumbnailUrl":"https:\/\/thewritingflow.com\/wp-content\/uploads\/2022\/04\/Favicon_loewenzahn_TheWritingflow.svg","datePublished":"2024-06-08T05:16:14+00:00","dateModified":"2024-07-03T11:22:13+00:00","breadcrumb":{"@id":"https:\/\/thewritingflow.com\/frauen-die-schreiben-bluehen-auf\/thank-you-sign-up-buchkapitel\/#breadcrumb"},"inLanguage":"en-GB","potentialAction":[{"@type":"ReadAction","target":["https:\/\/thewritingflow.com\/frauen-die-schreiben-bluehen-auf\/thank-you-sign-up-buchkapitel\/"]}]},{"@type":"ImageObject","inLanguage":"en-GB","@id":"https:\/\/thewritingflow.com\/frauen-die-schreiben-bluehen-auf\/thank-you-sign-up-buchkapitel\/#primaryimage","url":"https:\/\/thewritingflow.com\/wp-content\/uploads\/2022\/04\/Favicon_loewenzahn_TheWritingflow.svg","contentUrl":"https:\/\/thewritingflow.com\/wp-content\/uploads\/2022\/04\/Favicon_loewenzahn_TheWritingflow.svg"},{"@type":"BreadcrumbList","@id":"https:\/\/thewritingflow.com\/frauen-die-schreiben-bluehen-auf\/thank-you-sign-up-buchkapitel\/#breadcrumb","itemListElement":[{"@type":"ListItem","position":1,"name":"Home","item":"https:\/\/thewritingflow.com\/"},{"@type":"ListItem","position":2,"name":"Buch: Frauen, die schreiben, bl\u00fchen auf","item":"https:\/\/thewritingflow.com\/frauen-die-schreiben-bluehen-auf\/"},{"@type":"ListItem","position":3,"name":"Thank you Sign up Buchkapitel"}]},{"@type":"WebSite","@id":"https:\/\/thewritingflow.com\/#website","url":"https:\/\/thewritingflow.com\/","name":"The Writing Flow","description":"Writing coach who can relate to women\u2019s need for voice and self-care","publisher":{"@id":"https:\/\/thewritingflow.com\/#\/schema\/person\/bb898c90cce197ab8fb4ad181037a21b"},"potentialAction":[{"@type":"SearchAction","target":{"@type":"EntryPoint","urlTemplate":"https:\/\/thewritingflow.com\/?s={search_term_string}"},"query-input":{"@type":"PropertyValueSpecification","valueRequired":true,"valueName":"search_term_string"}}],"inLanguage":"en-GB"},{"@type":["Person","Organization"],"@id":"https:\/\/thewritingflow.com\/#\/schema\/person\/bb898c90cce197ab8fb4ad181037a21b","name":"Stefanie","image":{"@type":"ImageObject","inLanguage":"en-GB","@id":"https:\/\/thewritingflow.com\/#\/schema\/person\/image\/","url":"https:\/\/thewritingflow.com\/wp-content\/uploads\/2022\/06\/Steffie_19.jpg","contentUrl":"https:\/\/thewritingflow.com\/wp-content\/uploads\/2022\/06\/Steffie_19.jpg","width":1336,"height":2001,"caption":"Stefanie"},"logo":{"@id":"https:\/\/thewritingflow.com\/#\/schema\/person\/image\/"},"sameAs":["https:\/\/www.facebook.com\/thewritingflow.stefanie","https:\/\/www.instagram.com\/thewritingflow.stefanie\/","https:\/\/www.linkedin.com\/in\/stefaniebrodmann\/"]}]}},"_links":{"self":[{"href":"https:\/\/thewritingflow.com\/en\/wp-json\/wp\/v2\/pages\/9491"}],"collection":[{"href":"https:\/\/thewritingflow.com\/en\/wp-json\/wp\/v2\/pages"}],"about":[{"href":"https:\/\/thewritingflow.com\/en\/wp-json\/wp\/v2\/types\/page"}],"author":[{"embeddable":true,"href":"https:\/\/thewritingflow.com\/en\/wp-json\/wp\/v2\/users\/2"}],"replies":[{"embeddable":true,"href":"https:\/\/thewritingflow.com\/en\/wp-json\/wp\/v2\/comments?post=9491"}],"version-history":[{"count":22,"href":"https:\/\/thewritingflow.com\/en\/wp-json\/wp\/v2\/pages\/9491\/revisions"}],"predecessor-version":[{"id":11096,"href":"https:\/\/thewritingflow.com\/en\/wp-json\/wp\/v2\/pages\/9491\/revisions\/11096"}],"up":[{"embeddable":true,"href":"https:\/\/thewritingflow.com\/en\/wp-json\/wp\/v2\/pages\/6402"}],"wp:attachment":[{"href":"https:\/\/thewritingflow.com\/en\/wp-json\/wp\/v2\/media?parent=9491"}],"curies":[{"name":"wp","href":"https:\/\/api.w.org\/{rel}","templated":true}]}}